{"id":23,"date":"2022-10-24T14:14:03","date_gmt":"2022-10-24T12:14:03","guid":{"rendered":"https:\/\/dyslexieparis.fr\/?page_id=23"},"modified":"2022-11-21T20:24:39","modified_gmt":"2022-11-21T19:24:39","slug":"remboursements_retours","status":"publish","type":"page","link":"https:\/\/dyslexieparis.fr\/index.php\/remboursements_retours\/","title":{"rendered":"Qui sommes nous ?"},"content":{"rendered":"\t\t<div data-elementor-type=\"wp-page\" data-elementor-id=\"23\" class=\"elementor elementor-23\" data-elementor-post-type=\"page\">\n\t\t\t\t\t\t<section class=\"elementor-section elementor-top-section elementor-element elementor-element-28061335 elementor-section-full_width elementor-section-height-default elementor-section-height-default\" data-id=\"28061335\" data-element_type=\"section\" data-e-type=\"section\">\n\t\t\t\t\t\t<div class=\"elementor-container elementor-column-gap-no\">\n\t\t\t\t\t<div class=\"elementor-column elementor-col-100 elementor-top-column elementor-element elementor-element-3af22168\" data-id=\"3af22168\" data-element_type=\"column\" data-e-type=\"column\">\n\t\t\t<div class=\"elementor-widget-wrap elementor-element-populated\">\n\t\t\t\t\t\t<div class=\"elementor-element elementor-element-9970ac1 elementor-widget elementor-widget-image\" data-id=\"9970ac1\" data-element_type=\"widget\" data-e-type=\"widget\" data-widget_type=\"image.default\">\n\t\t\t\t<div class=\"elementor-widget-container\">\n\t\t\t\t\t\t\t\t\t\t\t\t\t\t\t<img fetchpriority=\"high\" decoding=\"async\" width=\"2560\" height=\"1440\" src=\"https:\/\/dyslexieparis.fr\/wp-content\/uploads\/2022\/11\/IMG_2657-scaled.jpg\" class=\"attachment-full size-full wp-image-792\" alt=\"\" srcset=\"https:\/\/dyslexieparis.fr\/wp-content\/uploads\/2022\/11\/IMG_2657-scaled.jpg 2560w, https:\/\/dyslexieparis.fr\/wp-content\/uploads\/2022\/11\/IMG_2657-scaled-600x338.jpg 600w, https:\/\/dyslexieparis.fr\/wp-content\/uploads\/2022\/11\/IMG_2657-300x169.jpg 300w, https:\/\/dyslexieparis.fr\/wp-content\/uploads\/2022\/11\/IMG_2657-1024x576.jpg 1024w, https:\/\/dyslexieparis.fr\/wp-content\/uploads\/2022\/11\/IMG_2657-768x432.jpg 768w, https:\/\/dyslexieparis.fr\/wp-content\/uploads\/2022\/11\/IMG_2657-1536x864.jpg 1536w, https:\/\/dyslexieparis.fr\/wp-content\/uploads\/2022\/11\/IMG_2657-2048x1152.jpg 2048w\" sizes=\"(max-width: 2560px) 100vw, 2560px\" \/>\t\t\t\t\t\t\t\t\t\t\t\t\t\t\t<\/div>\n\t\t\t\t<\/div>\n\t\t\t\t<div class=\"elementor-element elementor-element-a4050ce elementor-widget elementor-widget-heading\" data-id=\"a4050ce\" data-element_type=\"widget\" data-e-type=\"widget\" data-widget_type=\"heading.default\">\n\t\t\t\t<div class=\"elementor-widget-container\">\n\t\t\t\t\t<h5 class=\"elementor-heading-title elementor-size-default\">QUI SOMMES-NOUS ?<\/h5>\t\t\t\t<\/div>\n\t\t\t\t<\/div>\n\t\t\t\t<div class=\"elementor-element elementor-element-5242bcd elementor-widget elementor-widget-heading\" data-id=\"5242bcd\" data-element_type=\"widget\" data-e-type=\"widget\" data-widget_type=\"heading.default\">\n\t\t\t\t<div class=\"elementor-widget-container\">\n\t\t\t\t\t<h5 class=\"elementor-heading-title elementor-size-default\">DYSLEXIE PARIS\n<\/h5>\t\t\t\t<\/div>\n\t\t\t\t<\/div>\n\t\t\t\t<div class=\"elementor-element elementor-element-df42a66 e-transform e-transform elementor-widget elementor-widget-heading\" data-id=\"df42a66\" data-element_type=\"widget\" data-e-type=\"widget\" data-settings=\"{&quot;_transform_translateY_effect&quot;:{&quot;unit&quot;:&quot;px&quot;,&quot;size&quot;:-18,&quot;sizes&quot;:[]},&quot;_transform_translateX_effect&quot;:{&quot;unit&quot;:&quot;px&quot;,&quot;size&quot;:&quot;&quot;,&quot;sizes&quot;:[]},&quot;_transform_translateX_effect_tablet&quot;:{&quot;unit&quot;:&quot;px&quot;,&quot;size&quot;:&quot;&quot;,&quot;sizes&quot;:[]},&quot;_transform_translateX_effect_mobile&quot;:{&quot;unit&quot;:&quot;px&quot;,&quot;size&quot;:&quot;&quot;,&quot;sizes&quot;:[]},&quot;_transform_translateY_effect_tablet&quot;:{&quot;unit&quot;:&quot;px&quot;,&quot;size&quot;:&quot;&quot;,&quot;sizes&quot;:[]},&quot;_transform_translateY_effect_mobile&quot;:{&quot;unit&quot;:&quot;px&quot;,&quot;size&quot;:&quot;&quot;,&quot;sizes&quot;:[]},&quot;_transform_scale_effect&quot;:{&quot;unit&quot;:&quot;px&quot;,&quot;size&quot;:&quot;&quot;,&quot;sizes&quot;:[]},&quot;_transform_scale_effect_tablet&quot;:{&quot;unit&quot;:&quot;px&quot;,&quot;size&quot;:&quot;&quot;,&quot;sizes&quot;:[]},&quot;_transform_scale_effect_mobile&quot;:{&quot;unit&quot;:&quot;px&quot;,&quot;size&quot;:&quot;&quot;,&quot;sizes&quot;:[]}}\" data-widget_type=\"heading.default\">\n\t\t\t\t<div class=\"elementor-widget-container\">\n\t\t\t\t\t<h2 class=\"elementor-heading-title elementor-size-default\">DIFFERENTLY<\/h2>\t\t\t\t<\/div>\n\t\t\t\t<\/div>\n\t\t\t\t<div class=\"elementor-element elementor-element-44b6b28 elementor-widget elementor-widget-text-editor\" data-id=\"44b6b28\" data-element_type=\"widget\" data-e-type=\"widget\" data-widget_type=\"text-editor.default\">\n\t\t\t\t<div class=\"elementor-widget-container\">\n\t\t\t\t\t\t\t\t\t<p><\/p>\n<p><\/p>\n<p>\u00a0<\/p>\n<p>SON HISTOIRE<\/p>\n<p>Le fondateur de DYSLEXIE PARIS est un ancien sportif professionnel. Plus de vingt ans de carri\u00e8re o\u00f9 il a jongl\u00e9 entre le surv\u00eatement et le costume. De l&rsquo;avant-match \u00e0 la r\u00e9ception d&rsquo;apr\u00e8s-match. Cr\u00e9er une marque de v\u00eatement qui lie le confort du surv\u00eatement et l&rsquo;\u00e9l\u00e9gance et la classe du costume. L&rsquo;objectif est de rechercher le confort qui ne nuit pas \u00e0 la cr\u00e9dibilit\u00e9 et la productivit\u00e9 professionnelle.<\/p>\n<p>NOS VALEURS<\/p>\n<p>La dyslexie est, par d\u00e9finition, une difficult\u00e9 de la capacit\u00e9 \u00e0 lire, ou difficult\u00e9 \u00e0 reconna\u00eetre et \u00e0 reproduire le langage \u00e9crit.<br \/>Pour Dyslexie Paris, elle est une fa\u00e7on diff\u00e9rente de voir les choses et de complexifier dans la vision de l&rsquo;autre une chose simple. Cr\u00e9er un v\u00eatement qui pr\u00f4ne l&rsquo;acceptation de la diff\u00e9rence, l&rsquo;ouverture d&rsquo;esprit, le souci et le bien-\u00eatre de chacun, tout en gardant ses valeurs. Amener partout sa personnalit\u00e9 avec discr\u00e9tion et \u00e9l\u00e9gance. Se soucier des conditions de travail des producteurs, confectionneurs de nos v\u00eatements.<\/p>\n<p>SA MISSION<\/p>\n<p>Des v\u00eatements confectionn\u00e9s avec des tissus de premi\u00e8re qualit\u00e9. Des cr\u00e9ations originales, en petite quantit\u00e9. Finitions faites \u00e0 la main. Un vestiaire qui traverse le temps pour son confort et son style. Dans l&rsquo;id\u00e9e qu&rsquo;une nouvelle g\u00e9n\u00e9ration d&rsquo;entrepreneur am\u00e8ne le confort du surv\u00eatement dans les r\u00e9unions business. Des v\u00eatements tout terrains, classes et le confortables.<\/p>\n<p><\/p>\t\t\t\t\t\t\t\t<\/div>\n\t\t\t\t<\/div>\n\t\t\t\t\t<\/div>\n\t\t<\/div>\n\t\t\t\t\t<\/div>\n\t\t<\/section>\n\t\t\t\t<\/div>\n\t\t","protected":false},"excerpt":{"rendered":"<p>QUI SOMMES-NOUS ? DYSLEXIE PARIS DIFFERENTLY \u00a0 SON HISTOIRE Le fondateur de DYSLEXIE PARIS est un ancien sportif professionnel. Plus de vingt ans de carri\u00e8re o\u00f9 il a jongl\u00e9 entre le surv\u00eatement et le costume. De l&rsquo;avant-match \u00e0 la r\u00e9ception d&rsquo;apr\u00e8s-match. Cr\u00e9er une marque de v\u00eatement qui lie le confort du surv\u00eatement et l&rsquo;\u00e9l\u00e9gance et [&hellip;]<\/p>\n","protected":false},"author":1,"featured_media":0,"parent":0,"menu_order":0,"comment_status":"closed","ping_status":"closed","template":"","meta":{"site-sidebar-layout":"default","site-content-layout":"","ast-site-content-layout":"default","site-content-style":"default","site-sidebar-style":"default","ast-global-header-display":"","ast-banner-title-visibility":"","ast-main-header-display":"","ast-hfb-above-header-display":"","ast-hfb-below-header-display":"","ast-hfb-mobile-header-display":"","site-post-title":"disabled","ast-breadcrumbs-content":"","ast-featured-img":"","footer-sml-layout":"","ast-disable-related-posts":"","theme-transparent-header-meta":"","adv-header-id-meta":"","stick-header-meta":"","header-above-stick-meta":"","header-main-stick-meta":"","header-below-stick-meta":"","astra-migrate-meta-layouts":"default","ast-page-background-enabled":"default","ast-page-background-meta":{"desktop":{"background-color":"var(--ast-global-color-4)","background-image":"","background-repeat":"repeat","background-position":"center center","background-size":"auto","background-attachment":"scroll","background-type":"","background-media":"","overlay-type":"","overlay-color":"","overlay-opacity":"","overlay-gradient":""},"tablet":{"background-color":"","background-image":"","background-repeat":"repeat","background-position":"center center","background-size":"auto","background-attachment":"scroll","background-type":"","background-media":"","overlay-type":"","overlay-color":"","overlay-opacity":"","overlay-gradient":""},"mobile":{"background-color":"","background-image":"","background-repeat":"repeat","background-position":"center center","background-size":"auto","background-attachment":"scroll","background-type":"","background-media":"","overlay-type":"","overlay-color":"","overlay-opacity":"","overlay-gradient":""}},"ast-content-background-meta":{"desktop":{"background-color":"var(--ast-global-color-5)","background-image":"","background-repeat":"repeat","background-position":"center center","background-size":"auto","background-attachment":"scroll","background-type":"","background-media":"","overlay-type":"","overlay-color":"","overlay-opacity":"","overlay-gradient":""},"tablet":{"background-color":"var(--ast-global-color-5)","background-image":"","background-repeat":"repeat","background-position":"center center","background-size":"auto","background-attachment":"scroll","background-type":"","background-media":"","overlay-type":"","overlay-color":"","overlay-opacity":"","overlay-gradient":""},"mobile":{"background-color":"var(--ast-global-color-5)","background-image":"","background-repeat":"repeat","background-position":"center center","background-size":"auto","background-attachment":"scroll","background-type":"","background-media":"","overlay-type":"","overlay-color":"","overlay-opacity":"","overlay-gradient":""}},"footnotes":""},"class_list":["post-23","page","type-page","status-publish","hentry"],"yoast_head":"<!-- This site is optimized with the Yoast SEO plugin v27.3 - https:\/\/yoast.com\/product\/yoast-seo-wordpress\/ -->\n<title>Qui sommes nous ? - DYSLEXIE PARIS<\/title>\n<meta name=\"robots\" content=\"index, follow, max-snippet:-1, max-image-preview:large, max-video-preview:-1\" \/>\n<link rel=\"canonical\" href=\"https:\/\/dyslexieparis.fr\/index.php\/remboursements_retours\/\" \/>\n<meta property=\"og:locale\" content=\"fr_FR\" \/>\n<meta property=\"og:type\" content=\"article\" \/>\n<meta property=\"og:title\" content=\"Qui sommes nous ? - DYSLEXIE PARIS\" \/>\n<meta property=\"og:description\" content=\"QUI SOMMES-NOUS ? DYSLEXIE PARIS DIFFERENTLY \u00a0 SON HISTOIRE Le fondateur de DYSLEXIE PARIS est un ancien sportif professionnel. Plus de vingt ans de carri\u00e8re o\u00f9 il a jongl\u00e9 entre le surv\u00eatement et le costume. De l&rsquo;avant-match \u00e0 la r\u00e9ception d&rsquo;apr\u00e8s-match. Cr\u00e9er une marque de v\u00eatement qui lie le confort du surv\u00eatement et l&rsquo;\u00e9l\u00e9gance et [&hellip;]\" \/>\n<meta property=\"og:url\" content=\"https:\/\/dyslexieparis.fr\/index.php\/remboursements_retours\/\" \/>\n<meta property=\"og:site_name\" content=\"DYSLEXIE PARIS\" \/>\n<meta property=\"article:publisher\" content=\"https:\/\/www.instagram.com\/dyslexieparis\/yoast\" \/>\n<meta property=\"article:modified_time\" content=\"2022-11-21T19:24:39+00:00\" \/>\n<meta property=\"og:image\" content=\"https:\/\/dyslexieparis.fr\/wp-content\/uploads\/2022\/11\/IMG_2657-scaled.jpg\" \/>\n<meta name=\"twitter:card\" content=\"summary_large_image\" \/>\n<meta name=\"twitter:label1\" content=\"Dur\u00e9e de lecture estim\u00e9e\" \/>\n\t<meta name=\"twitter:data1\" content=\"1 minute\" \/>\n<script type=\"application\/ld+json\" class=\"yoast-schema-graph\">{\"@context\":\"https:\\\/\\\/schema.org\",\"@graph\":[{\"@type\":\"WebPage\",\"@id\":\"https:\\\/\\\/dyslexieparis.fr\\\/index.php\\\/remboursements_retours\\\/\",\"url\":\"https:\\\/\\\/dyslexieparis.fr\\\/index.php\\\/remboursements_retours\\\/\",\"name\":\"Qui sommes nous ? - DYSLEXIE PARIS\",\"isPartOf\":{\"@id\":\"https:\\\/\\\/dyslexieparis.fr\\\/#website\"},\"primaryImageOfPage\":{\"@id\":\"https:\\\/\\\/dyslexieparis.fr\\\/index.php\\\/remboursements_retours\\\/#primaryimage\"},\"image\":{\"@id\":\"https:\\\/\\\/dyslexieparis.fr\\\/index.php\\\/remboursements_retours\\\/#primaryimage\"},\"thumbnailUrl\":\"https:\\\/\\\/dyslexieparis.fr\\\/wp-content\\\/uploads\\\/2022\\\/11\\\/IMG_2657-scaled.jpg\",\"datePublished\":\"2022-10-24T12:14:03+00:00\",\"dateModified\":\"2022-11-21T19:24:39+00:00\",\"breadcrumb\":{\"@id\":\"https:\\\/\\\/dyslexieparis.fr\\\/index.php\\\/remboursements_retours\\\/#breadcrumb\"},\"inLanguage\":\"fr-FR\",\"potentialAction\":[{\"@type\":\"ReadAction\",\"target\":[\"https:\\\/\\\/dyslexieparis.fr\\\/index.php\\\/remboursements_retours\\\/\"]}]},{\"@type\":\"ImageObject\",\"inLanguage\":\"fr-FR\",\"@id\":\"https:\\\/\\\/dyslexieparis.fr\\\/index.php\\\/remboursements_retours\\\/#primaryimage\",\"url\":\"https:\\\/\\\/dyslexieparis.fr\\\/wp-content\\\/uploads\\\/2022\\\/11\\\/IMG_2657-scaled.jpg\",\"contentUrl\":\"https:\\\/\\\/dyslexieparis.fr\\\/wp-content\\\/uploads\\\/2022\\\/11\\\/IMG_2657-scaled.jpg\",\"width\":2560,\"height\":1440},{\"@type\":\"BreadcrumbList\",\"@id\":\"https:\\\/\\\/dyslexieparis.fr\\\/index.php\\\/remboursements_retours\\\/#breadcrumb\",\"itemListElement\":[{\"@type\":\"ListItem\",\"position\":1,\"name\":\"Accueil\",\"item\":\"https:\\\/\\\/dyslexieparis.fr\\\/\"},{\"@type\":\"ListItem\",\"position\":2,\"name\":\"Qui sommes nous ?\"}]},{\"@type\":\"WebSite\",\"@id\":\"https:\\\/\\\/dyslexieparis.fr\\\/#website\",\"url\":\"https:\\\/\\\/dyslexieparis.fr\\\/\",\"name\":\"DYSLEXIE PARIS\",\"description\":\"DIFFERENTLY\",\"publisher\":{\"@id\":\"https:\\\/\\\/dyslexieparis.fr\\\/#organization\"},\"potentialAction\":[{\"@type\":\"SearchAction\",\"target\":{\"@type\":\"EntryPoint\",\"urlTemplate\":\"https:\\\/\\\/dyslexieparis.fr\\\/?s={search_term_string}\"},\"query-input\":{\"@type\":\"PropertyValueSpecification\",\"valueRequired\":true,\"valueName\":\"search_term_string\"}}],\"inLanguage\":\"fr-FR\"},{\"@type\":\"Organization\",\"@id\":\"https:\\\/\\\/dyslexieparis.fr\\\/#organization\",\"name\":\"Dyslexie Paris\",\"alternateName\":\"Dyslexie Paris Dressing\",\"url\":\"https:\\\/\\\/dyslexieparis.fr\\\/\",\"logo\":{\"@type\":\"ImageObject\",\"inLanguage\":\"fr-FR\",\"@id\":\"https:\\\/\\\/dyslexieparis.fr\\\/#\\\/schema\\\/logo\\\/image\\\/\",\"url\":\"https:\\\/\\\/dyslexieparis.fr\\\/wp-content\\\/uploads\\\/2024\\\/07\\\/IMG_2787.png\",\"contentUrl\":\"https:\\\/\\\/dyslexieparis.fr\\\/wp-content\\\/uploads\\\/2024\\\/07\\\/IMG_2787.png\",\"width\":2048,\"height\":2048,\"caption\":\"Dyslexie Paris\"},\"image\":{\"@id\":\"https:\\\/\\\/dyslexieparis.fr\\\/#\\\/schema\\\/logo\\\/image\\\/\"},\"sameAs\":[\"https:\\\/\\\/www.instagram.com\\\/dyslexieparis\\\/yoast\",\"https:\\\/\\\/www.instagram.com\\\/dyslexieparis\\\/?hl=fr\"]}]}<\/script>\n<!-- \/ Yoast SEO plugin. -->","yoast_head_json":{"title":"Qui sommes nous ? - DYSLEXIE PARIS","robots":{"index":"index","follow":"follow","max-snippet":"max-snippet:-1","max-image-preview":"max-image-preview:large","max-video-preview":"max-video-preview:-1"},"canonical":"https:\/\/dyslexieparis.fr\/index.php\/remboursements_retours\/","og_locale":"fr_FR","og_type":"article","og_title":"Qui sommes nous ? - DYSLEXIE PARIS","og_description":"QUI SOMMES-NOUS ? DYSLEXIE PARIS DIFFERENTLY \u00a0 SON HISTOIRE Le fondateur de DYSLEXIE PARIS est un ancien sportif professionnel. Plus de vingt ans de carri\u00e8re o\u00f9 il a jongl\u00e9 entre le surv\u00eatement et le costume. De l&rsquo;avant-match \u00e0 la r\u00e9ception d&rsquo;apr\u00e8s-match. Cr\u00e9er une marque de v\u00eatement qui lie le confort du surv\u00eatement et l&rsquo;\u00e9l\u00e9gance et [&hellip;]","og_url":"https:\/\/dyslexieparis.fr\/index.php\/remboursements_retours\/","og_site_name":"DYSLEXIE PARIS","article_publisher":"https:\/\/www.instagram.com\/dyslexieparis\/yoast","article_modified_time":"2022-11-21T19:24:39+00:00","og_image":[{"url":"https:\/\/dyslexieparis.fr\/wp-content\/uploads\/2022\/11\/IMG_2657-scaled.jpg","type":"","width":"","height":""}],"twitter_card":"summary_large_image","twitter_misc":{"Dur\u00e9e de lecture estim\u00e9e":"1 minute"},"schema":{"@context":"https:\/\/schema.org","@graph":[{"@type":"WebPage","@id":"https:\/\/dyslexieparis.fr\/index.php\/remboursements_retours\/","url":"https:\/\/dyslexieparis.fr\/index.php\/remboursements_retours\/","name":"Qui sommes nous ? - DYSLEXIE PARIS","isPartOf":{"@id":"https:\/\/dyslexieparis.fr\/#website"},"primaryImageOfPage":{"@id":"https:\/\/dyslexieparis.fr\/index.php\/remboursements_retours\/#primaryimage"},"image":{"@id":"https:\/\/dyslexieparis.fr\/index.php\/remboursements_retours\/#primaryimage"},"thumbnailUrl":"https:\/\/dyslexieparis.fr\/wp-content\/uploads\/2022\/11\/IMG_2657-scaled.jpg","datePublished":"2022-10-24T12:14:03+00:00","dateModified":"2022-11-21T19:24:39+00:00","breadcrumb":{"@id":"https:\/\/dyslexieparis.fr\/index.php\/remboursements_retours\/#breadcrumb"},"inLanguage":"fr-FR","potentialAction":[{"@type":"ReadAction","target":["https:\/\/dyslexieparis.fr\/index.php\/remboursements_retours\/"]}]},{"@type":"ImageObject","inLanguage":"fr-FR","@id":"https:\/\/dyslexieparis.fr\/index.php\/remboursements_retours\/#primaryimage","url":"https:\/\/dyslexieparis.fr\/wp-content\/uploads\/2022\/11\/IMG_2657-scaled.jpg","contentUrl":"https:\/\/dyslexieparis.fr\/wp-content\/uploads\/2022\/11\/IMG_2657-scaled.jpg","width":2560,"height":1440},{"@type":"BreadcrumbList","@id":"https:\/\/dyslexieparis.fr\/index.php\/remboursements_retours\/#breadcrumb","itemListElement":[{"@type":"ListItem","position":1,"name":"Accueil","item":"https:\/\/dyslexieparis.fr\/"},{"@type":"ListItem","position":2,"name":"Qui sommes nous ?"}]},{"@type":"WebSite","@id":"https:\/\/dyslexieparis.fr\/#website","url":"https:\/\/dyslexieparis.fr\/","name":"DYSLEXIE PARIS","description":"DIFFERENTLY","publisher":{"@id":"https:\/\/dyslexieparis.fr\/#organization"},"potentialAction":[{"@type":"SearchAction","target":{"@type":"EntryPoint","urlTemplate":"https:\/\/dyslexieparis.fr\/?s={search_term_string}"},"query-input":{"@type":"PropertyValueSpecification","valueRequired":true,"valueName":"search_term_string"}}],"inLanguage":"fr-FR"},{"@type":"Organization","@id":"https:\/\/dyslexieparis.fr\/#organization","name":"Dyslexie Paris","alternateName":"Dyslexie Paris Dressing","url":"https:\/\/dyslexieparis.fr\/","logo":{"@type":"ImageObject","inLanguage":"fr-FR","@id":"https:\/\/dyslexieparis.fr\/#\/schema\/logo\/image\/","url":"https:\/\/dyslexieparis.fr\/wp-content\/uploads\/2024\/07\/IMG_2787.png","contentUrl":"https:\/\/dyslexieparis.fr\/wp-content\/uploads\/2024\/07\/IMG_2787.png","width":2048,"height":2048,"caption":"Dyslexie Paris"},"image":{"@id":"https:\/\/dyslexieparis.fr\/#\/schema\/logo\/image\/"},"sameAs":["https:\/\/www.instagram.com\/dyslexieparis\/yoast","https:\/\/www.instagram.com\/dyslexieparis\/?hl=fr"]}]}},"jetpack_sharing_enabled":true,"_links":{"self":[{"href":"https:\/\/dyslexieparis.fr\/index.php\/wp-json\/wp\/v2\/pages\/23","targetHints":{"allow":["GET"]}}],"collection":[{"href":"https:\/\/dyslexieparis.fr\/index.php\/wp-json\/wp\/v2\/pages"}],"about":[{"href":"https:\/\/dyslexieparis.fr\/index.php\/wp-json\/wp\/v2\/types\/page"}],"author":[{"embeddable":true,"href":"https:\/\/dyslexieparis.fr\/index.php\/wp-json\/wp\/v2\/users\/1"}],"replies":[{"embeddable":true,"href":"https:\/\/dyslexieparis.fr\/index.php\/wp-json\/wp\/v2\/comments?post=23"}],"version-history":[{"count":39,"href":"https:\/\/dyslexieparis.fr\/index.php\/wp-json\/wp\/v2\/pages\/23\/revisions"}],"predecessor-version":[{"id":961,"href":"https:\/\/dyslexieparis.fr\/index.php\/wp-json\/wp\/v2\/pages\/23\/revisions\/961"}],"wp:attachment":[{"href":"https:\/\/dyslexieparis.fr\/index.php\/wp-json\/wp\/v2\/media?parent=23"}],"curies":[{"name":"wp","href":"https:\/\/api.w.org\/{rel}","templated":true}]}}