{"id":3,"date":"2022-01-21T17:26:40","date_gmt":"2022-01-21T16:26:40","guid":{"rendered":"https:\/\/dyslexieparis.fr\/?page_id=3"},"modified":"2022-11-22T08:05:42","modified_gmt":"2022-11-22T07:05:42","slug":"politique-de-confidentialite","status":"publish","type":"page","link":"https:\/\/dyslexieparis.fr\/index.php\/politique-de-confidentialite\/","title":{"rendered":"Politique de confidentialit\u00e9"},"content":{"rendered":"\t\t<div data-elementor-type=\"wp-page\" data-elementor-id=\"3\" class=\"elementor elementor-3\" data-elementor-post-type=\"page\">\n\t\t\t\t\t\t<section class=\"elementor-section elementor-top-section elementor-element elementor-element-4a8cee81 elementor-section-boxed elementor-section-height-default elementor-section-height-default\" data-id=\"4a8cee81\" data-element_type=\"section\" data-e-type=\"section\">\n\t\t\t\t\t\t<div class=\"elementor-container elementor-column-gap-default\">\n\t\t\t\t\t<div class=\"elementor-column elementor-col-100 elementor-top-column elementor-element elementor-element-1748ab06\" data-id=\"1748ab06\" data-element_type=\"column\" data-e-type=\"column\">\n\t\t\t<div class=\"elementor-widget-wrap elementor-element-populated\">\n\t\t\t\t\t\t<div class=\"elementor-element elementor-element-38f0037 elementor-widget elementor-widget-heading\" data-id=\"38f0037\" data-element_type=\"widget\" data-e-type=\"widget\" data-widget_type=\"heading.default\">\n\t\t\t\t<div class=\"elementor-widget-container\">\n\t\t\t\t\t<h5 class=\"elementor-heading-title elementor-size-default\">POLITIQUE DE CONFIDENTIALIT\u00c9<\/h5>\t\t\t\t<\/div>\n\t\t\t\t<\/div>\n\t\t\t\t<div class=\"elementor-element elementor-element-579d66ff elementor-widget elementor-widget-text-editor\" data-id=\"579d66ff\" data-element_type=\"widget\" data-e-type=\"widget\" data-widget_type=\"text-editor.default\">\n\t\t\t\t<div class=\"elementor-widget-container\">\n\t\t\t\t\t\t\t\t\t<p><\/p>\n<p>Date: Novembre 2022<br \/>Bienvenue sur le site https:\/\/www.dyslexieparis.fr (\u00ab Site \u00bb).\u00a0<br \/>Le Site appartient \u00e0 et est \u00e9dit\u00e9 par la soci\u00e9t\u00e9 DYSLEXIE PARIS, soci\u00e9t\u00e9 fran\u00e7aise, immatricul\u00e9e au registre du commerce et des soci\u00e9t\u00e9s de Nanterre sous le n\u00b0909 074 064, dont le si\u00e8ge social se situe \u00e0 La Garenne Colombes 92250 France.<\/p>\n<h4>1. UTILISATION DU SITE<\/h4>\n<p>Vous pouvez acc\u00e9der aux services en ligne du Site (\u00ab\u00a0Services\u00a0\u00bb), en cr\u00e9ant un compte personnel avec une adresse e-mail et un mot de passe (\u00ab\u00a0Identifiants\u00a0\u00bb).<br \/>Vous \u00eates responsable du maintien, de la confidentialit\u00e9 et de la s\u00e9curit\u00e9 de vos Identifiants et acceptez tout risque relatif aux activit\u00e9s qui y sont li\u00e9es (y compris les activit\u00e9s de personnes qui acc\u00e8deraient au Site en utilisant vos Identifiants). Si vous avez connaissance de ou soup\u00e7onnez une utilisation non autoris\u00e9e de vos Identifiants, vous devez nous en informer. Toutes les informations et identifiants que vous nous fournissez doivent \u00eatre exacts, v\u00e9ridiques et \u00e0 jour, \u00e0 tout moment.<br \/>Le Site est accessible uniquement aux personnes majeures. Si nous d\u00e9couvrons que vous n\u2019\u00eates pas majeure, nous proc\u00e8derons \u00e0 la suppression de votre compte.<\/p>\n<p><\/p>\n<p><\/p>\n<h4 class=\"wp-block-heading\">2. M\u00c9DIAS<\/h4>\n<p><\/p>\n<p>Notre Site et toutes les informations et documents qui y figurent, y compris les photos, vid\u00e9os, musiques, sons, logos, typographie d\u2019\u00e9criture &#8211; enregistr\u00e9es ou non, figuratifs ou non &#8211; (\u00ab\u00a0Contenu\u00a0\u00bb) sont notre propri\u00e9t\u00e9 exclusive et sont prot\u00e9g\u00e9s par les lois applicables sur les droits d\u2019auteur, les marques de commerce, les brevets ou toutes autres lois relatives \u00e0 la propri\u00e9t\u00e9 intellectuelle dans le monde. Nous nous r\u00e9servons tous ces droits. <br \/>Vous n\u2019\u00eates pas autoris\u00e9 \u00e0 copier ou reproduire (sauf lorsque la copie ou la reproduction est faite pour un usage personnel et non commercial), publier, divulguer, distribuer, fournir au public, republier, communiquer, afficher, supprimer, ajouter au Contenu du Site ou cr\u00e9er des \u0153uvres d\u00e9riv\u00e9es de tout Contenu du Site \u00e0 quelque fin que ce soit.<br \/>L\u2019utilisation non autoris\u00e9e du Site ou du Contenu peut enfreindre les lois applicables en mati\u00e8re de propri\u00e9t\u00e9 intellectuelle ou d\u2019autres r\u00e9glementations.<\/p>\n<p><\/p>\n<h4 class=\"wp-block-heading\">3. COOKIES<\/h4>\n<p>Si vous vous rendez sur la page de connexion, un cookie temporaire sera cr\u00e9\u00e9 afin de d\u00e9terminer si votre navigateur accepte les cookies. Il ne contient pas de donn\u00e9es personnelles et sera supprim\u00e9 automatiquement \u00e0 la fermeture de votre navigateur.<br \/>Lorsque vous vous connecterez, nous mettrons en place un certain nombre de cookies pour enregistrer vos informations de connexion et vos pr\u00e9f\u00e9rences d\u2019\u00e9cran.<\/p>\n<p><\/p>\n<p><\/p>\n<h4 class=\"wp-block-heading\">4. CONTENU EMBARQU\u00c9 DEPUIS D&rsquo;AUTRES SITES<\/h4>\n<p><\/p>\n<p>Les articles de ce site peuvent inclure des contenus int\u00e9gr\u00e9s (par exemple des vid\u00e9os, images, articles\u2026). Le contenu int\u00e9gr\u00e9 depuis d\u2019autres sites se comporte de la m\u00eame mani\u00e8re que si le visiteur se rendait sur cet autre site.<br \/>Ces sites web pourraient collecter des donn\u00e9es sur vous, utiliser des cookies, embarquer des outils de suivis tiers, suivre vos interactions avec ces contenus embarqu\u00e9s si vous disposez d\u2019un compte connect\u00e9 sur leur site web.<\/p>\n<p><\/p>\n<h4 class=\"wp-block-heading\">5. UTILISATION ET TRANSMISSION DE VOS DONN\u00c9ES PERSONNELLES<\/h4>\n<p><\/p>\n<p>Certaines parties des Services peuvent \u00eatre fournies par des canaux de communication \u00e9lectroniques (par exemple, e-mail, SMS, t\u00e9l\u00e9phone). Vous acceptez que nous puissions vous contacter pour les Services \u2013 et toute question relative aux Services &#8211; par SMS, e-mail ou autre technologie \u00e9lectronique.<br \/>Nous n\u2019utilisons que les donn\u00e9es personnelles que vous nous avez fourni ou enregistr\u00e9 sur le Site, et uniquement pour les transactions commerciales li\u00e9es au Site entre vous et DYSLEXIE PARIS.<br \/>Si vous demandez une r\u00e9initialisation de votre mot de passe, votre adresse IP sera incluse dans l\u2019e-mail de r\u00e9initialisation.<\/p>\n<p><\/p>\n<h4 class=\"wp-block-heading\">6. DUR\u00c9E DE STOCKAGE DE VOS DONN\u00c9ES<\/h4>\n<p><\/p>\n<p>Pour les comptes qui s\u2019inscrivent sur notre site (le cas \u00e9ch\u00e9ant), nous stockons \u00e9galement les donn\u00e9es personnelles indiqu\u00e9es dans leur profil. Tous les comptes peuvent voir, modifier ou supprimer leurs informations personnelles \u00e0 tout moment (\u00e0 l\u2019exception de leur identifiant). Les gestionnaires du site peuvent aussi voir et modifier ces informations.<\/p>\n<p><\/p>\n<h4 class=\"wp-block-heading\">7. LES DROITS QUE VOUS AVEZ SUR VOS DONN\u00c9ES<\/h4>\n<p><\/p>\n<p>Vous pouvez \u00e9galement demander la suppression des donn\u00e9es personnelles vous concernant. Cela ne prend pas en compte les donn\u00e9es stock\u00e9es \u00e0 des fins administratives, l\u00e9gales ou pour des raisons de s\u00e9curit\u00e9.<\/p>\n<p><\/p>\n<p><\/p>\t\t\t\t\t\t\t\t<\/div>\n\t\t\t\t<\/div>\n\t\t\t\t\t<\/div>\n\t\t<\/div>\n\t\t\t\t\t<\/div>\n\t\t<\/section>\n\t\t\t\t<\/div>\n\t\t","protected":false},"excerpt":{"rendered":"<p>POLITIQUE DE CONFIDENTIALIT\u00c9 Date: Novembre 2022Bienvenue sur le site https:\/\/www.dyslexieparis.fr (\u00ab Site \u00bb).\u00a0Le Site appartient \u00e0 et est \u00e9dit\u00e9 par la soci\u00e9t\u00e9 DYSLEXIE PARIS, soci\u00e9t\u00e9 fran\u00e7aise, immatricul\u00e9e au registre du commerce et des soci\u00e9t\u00e9s de Nanterre sous le n\u00b0909 074 064, dont le si\u00e8ge social se situe \u00e0 La Garenne Colombes 92250 France. 1. UTILISATION [&hellip;]<\/p>\n","protected":false},"author":1,"featured_media":0,"parent":0,"menu_order":0,"comment_status":"closed","ping_status":"open","template":"","meta":{"site-sidebar-layout":"default","site-content-layout":"","ast-site-content-layout":"default","site-content-style":"default","site-sidebar-style":"default","ast-global-header-display":"","ast-banner-title-visibility":"","ast-main-header-display":"","ast-hfb-above-header-display":"","ast-hfb-below-header-display":"","ast-hfb-mobile-header-display":"","site-post-title":"disabled","ast-breadcrumbs-content":"","ast-featured-img":"","footer-sml-layout":"","ast-disable-related-posts":"","theme-transparent-header-meta":"","adv-header-id-meta":"","stick-header-meta":"","header-above-stick-meta":"","header-main-stick-meta":"","header-below-stick-meta":"","astra-migrate-meta-layouts":"default","ast-page-background-enabled":"default","ast-page-background-meta":{"desktop":{"background-color":"var(--ast-global-color-4)","background-image":"","background-repeat":"repeat","background-position":"center center","background-size":"auto","background-attachment":"scroll","background-type":"","background-media":"","overlay-type":"","overlay-color":"","overlay-opacity":"","overlay-gradient":""},"tablet":{"background-color":"","background-image":"","background-repeat":"repeat","background-position":"center center","background-size":"auto","background-attachment":"scroll","background-type":"","background-media":"","overlay-type":"","overlay-color":"","overlay-opacity":"","overlay-gradient":""},"mobile":{"background-color":"","background-image":"","background-repeat":"repeat","background-position":"center center","background-size":"auto","background-attachment":"scroll","background-type":"","background-media":"","overlay-type":"","overlay-color":"","overlay-opacity":"","overlay-gradient":""}},"ast-content-background-meta":{"desktop":{"background-color":"var(--ast-global-color-5)","background-image":"","background-repeat":"repeat","background-position":"center center","background-size":"auto","background-attachment":"scroll","background-type":"","background-media":"","overlay-type":"","overlay-color":"","overlay-opacity":"","overlay-gradient":""},"tablet":{"background-color":"var(--ast-global-color-5)","background-image":"","background-repeat":"repeat","background-position":"center center","background-size":"auto","background-attachment":"scroll","background-type":"","background-media":"","overlay-type":"","overlay-color":"","overlay-opacity":"","overlay-gradient":""},"mobile":{"background-color":"var(--ast-global-color-5)","background-image":"","background-repeat":"repeat","background-position":"center center","background-size":"auto","background-attachment":"scroll","background-type":"","background-media":"","overlay-type":"","overlay-color":"","overlay-opacity":"","overlay-gradient":""}},"footnotes":""},"class_list":["post-3","page","type-page","status-publish","hentry"],"yoast_head":"<!-- This site is optimized with the Yoast SEO plugin v27.3 - https:\/\/yoast.com\/product\/yoast-seo-wordpress\/ -->\n<title>Politique de confidentialit\u00e9 - DYSLEXIE PARIS<\/title>\n<meta name=\"robots\" content=\"index, follow, max-snippet:-1, max-image-preview:large, max-video-preview:-1\" \/>\n<link rel=\"canonical\" href=\"https:\/\/dyslexieparis.fr\/index.php\/politique-de-confidentialite\/\" \/>\n<meta property=\"og:locale\" content=\"fr_FR\" \/>\n<meta property=\"og:type\" content=\"article\" \/>\n<meta property=\"og:title\" content=\"Politique de confidentialit\u00e9 - DYSLEXIE PARIS\" \/>\n<meta property=\"og:description\" content=\"POLITIQUE DE CONFIDENTIALIT\u00c9 Date: Novembre 2022Bienvenue sur le site https:\/\/www.dyslexieparis.fr (\u00ab Site \u00bb).\u00a0Le Site appartient \u00e0 et est \u00e9dit\u00e9 par la soci\u00e9t\u00e9 DYSLEXIE PARIS, soci\u00e9t\u00e9 fran\u00e7aise, immatricul\u00e9e au registre du commerce et des soci\u00e9t\u00e9s de Nanterre sous le n\u00b0909 074 064, dont le si\u00e8ge social se situe \u00e0 La Garenne Colombes 92250 France. 1. UTILISATION [&hellip;]\" \/>\n<meta property=\"og:url\" content=\"https:\/\/dyslexieparis.fr\/index.php\/politique-de-confidentialite\/\" \/>\n<meta property=\"og:site_name\" content=\"DYSLEXIE PARIS\" \/>\n<meta property=\"article:publisher\" content=\"https:\/\/www.instagram.com\/dyslexieparis\/yoast\" \/>\n<meta property=\"article:modified_time\" content=\"2022-11-22T07:05:42+00:00\" \/>\n<meta property=\"og:image\" content=\"https:\/\/dyslexieparis.fr\/wp-content\/uploads\/2022\/11\/IMG_2657-scaled.jpg\" \/>\n\t<meta property=\"og:image:width\" content=\"2560\" \/>\n\t<meta property=\"og:image:height\" content=\"1440\" \/>\n\t<meta property=\"og:image:type\" content=\"image\/jpeg\" \/>\n<meta name=\"twitter:card\" content=\"summary_large_image\" \/>\n<meta name=\"twitter:label1\" content=\"Dur\u00e9e de lecture estim\u00e9e\" \/>\n\t<meta name=\"twitter:data1\" content=\"4 minutes\" \/>\n<script type=\"application\/ld+json\" class=\"yoast-schema-graph\">{\"@context\":\"https:\\\/\\\/schema.org\",\"@graph\":[{\"@type\":\"WebPage\",\"@id\":\"https:\\\/\\\/dyslexieparis.fr\\\/index.php\\\/politique-de-confidentialite\\\/\",\"url\":\"https:\\\/\\\/dyslexieparis.fr\\\/index.php\\\/politique-de-confidentialite\\\/\",\"name\":\"Politique de confidentialit\u00e9 - DYSLEXIE PARIS\",\"isPartOf\":{\"@id\":\"https:\\\/\\\/dyslexieparis.fr\\\/#website\"},\"datePublished\":\"2022-01-21T16:26:40+00:00\",\"dateModified\":\"2022-11-22T07:05:42+00:00\",\"breadcrumb\":{\"@id\":\"https:\\\/\\\/dyslexieparis.fr\\\/index.php\\\/politique-de-confidentialite\\\/#breadcrumb\"},\"inLanguage\":\"fr-FR\",\"potentialAction\":[{\"@type\":\"ReadAction\",\"target\":[\"https:\\\/\\\/dyslexieparis.fr\\\/index.php\\\/politique-de-confidentialite\\\/\"]}]},{\"@type\":\"BreadcrumbList\",\"@id\":\"https:\\\/\\\/dyslexieparis.fr\\\/index.php\\\/politique-de-confidentialite\\\/#breadcrumb\",\"itemListElement\":[{\"@type\":\"ListItem\",\"position\":1,\"name\":\"Accueil\",\"item\":\"https:\\\/\\\/dyslexieparis.fr\\\/\"},{\"@type\":\"ListItem\",\"position\":2,\"name\":\"Politique de confidentialit\u00e9\"}]},{\"@type\":\"WebSite\",\"@id\":\"https:\\\/\\\/dyslexieparis.fr\\\/#website\",\"url\":\"https:\\\/\\\/dyslexieparis.fr\\\/\",\"name\":\"DYSLEXIE PARIS\",\"description\":\"DIFFERENTLY\",\"publisher\":{\"@id\":\"https:\\\/\\\/dyslexieparis.fr\\\/#organization\"},\"potentialAction\":[{\"@type\":\"SearchAction\",\"target\":{\"@type\":\"EntryPoint\",\"urlTemplate\":\"https:\\\/\\\/dyslexieparis.fr\\\/?s={search_term_string}\"},\"query-input\":{\"@type\":\"PropertyValueSpecification\",\"valueRequired\":true,\"valueName\":\"search_term_string\"}}],\"inLanguage\":\"fr-FR\"},{\"@type\":\"Organization\",\"@id\":\"https:\\\/\\\/dyslexieparis.fr\\\/#organization\",\"name\":\"Dyslexie Paris\",\"alternateName\":\"Dyslexie Paris Dressing\",\"url\":\"https:\\\/\\\/dyslexieparis.fr\\\/\",\"logo\":{\"@type\":\"ImageObject\",\"inLanguage\":\"fr-FR\",\"@id\":\"https:\\\/\\\/dyslexieparis.fr\\\/#\\\/schema\\\/logo\\\/image\\\/\",\"url\":\"https:\\\/\\\/dyslexieparis.fr\\\/wp-content\\\/uploads\\\/2024\\\/07\\\/IMG_2787.png\",\"contentUrl\":\"https:\\\/\\\/dyslexieparis.fr\\\/wp-content\\\/uploads\\\/2024\\\/07\\\/IMG_2787.png\",\"width\":2048,\"height\":2048,\"caption\":\"Dyslexie Paris\"},\"image\":{\"@id\":\"https:\\\/\\\/dyslexieparis.fr\\\/#\\\/schema\\\/logo\\\/image\\\/\"},\"sameAs\":[\"https:\\\/\\\/www.instagram.com\\\/dyslexieparis\\\/yoast\",\"https:\\\/\\\/www.instagram.com\\\/dyslexieparis\\\/?hl=fr\"]}]}<\/script>\n<!-- \/ Yoast SEO plugin. -->","yoast_head_json":{"title":"Politique de confidentialit\u00e9 - DYSLEXIE PARIS","robots":{"index":"index","follow":"follow","max-snippet":"max-snippet:-1","max-image-preview":"max-image-preview:large","max-video-preview":"max-video-preview:-1"},"canonical":"https:\/\/dyslexieparis.fr\/index.php\/politique-de-confidentialite\/","og_locale":"fr_FR","og_type":"article","og_title":"Politique de confidentialit\u00e9 - DYSLEXIE PARIS","og_description":"POLITIQUE DE CONFIDENTIALIT\u00c9 Date: Novembre 2022Bienvenue sur le site https:\/\/www.dyslexieparis.fr (\u00ab Site \u00bb).\u00a0Le Site appartient \u00e0 et est \u00e9dit\u00e9 par la soci\u00e9t\u00e9 DYSLEXIE PARIS, soci\u00e9t\u00e9 fran\u00e7aise, immatricul\u00e9e au registre du commerce et des soci\u00e9t\u00e9s de Nanterre sous le n\u00b0909 074 064, dont le si\u00e8ge social se situe \u00e0 La Garenne Colombes 92250 France. 1. UTILISATION [&hellip;]","og_url":"https:\/\/dyslexieparis.fr\/index.php\/politique-de-confidentialite\/","og_site_name":"DYSLEXIE PARIS","article_publisher":"https:\/\/www.instagram.com\/dyslexieparis\/yoast","article_modified_time":"2022-11-22T07:05:42+00:00","og_image":[{"width":2560,"height":1440,"url":"https:\/\/dyslexieparis.fr\/wp-content\/uploads\/2022\/11\/IMG_2657-scaled.jpg","type":"image\/jpeg"}],"twitter_card":"summary_large_image","twitter_misc":{"Dur\u00e9e de lecture estim\u00e9e":"4 minutes"},"schema":{"@context":"https:\/\/schema.org","@graph":[{"@type":"WebPage","@id":"https:\/\/dyslexieparis.fr\/index.php\/politique-de-confidentialite\/","url":"https:\/\/dyslexieparis.fr\/index.php\/politique-de-confidentialite\/","name":"Politique de confidentialit\u00e9 - DYSLEXIE PARIS","isPartOf":{"@id":"https:\/\/dyslexieparis.fr\/#website"},"datePublished":"2022-01-21T16:26:40+00:00","dateModified":"2022-11-22T07:05:42+00:00","breadcrumb":{"@id":"https:\/\/dyslexieparis.fr\/index.php\/politique-de-confidentialite\/#breadcrumb"},"inLanguage":"fr-FR","potentialAction":[{"@type":"ReadAction","target":["https:\/\/dyslexieparis.fr\/index.php\/politique-de-confidentialite\/"]}]},{"@type":"BreadcrumbList","@id":"https:\/\/dyslexieparis.fr\/index.php\/politique-de-confidentialite\/#breadcrumb","itemListElement":[{"@type":"ListItem","position":1,"name":"Accueil","item":"https:\/\/dyslexieparis.fr\/"},{"@type":"ListItem","position":2,"name":"Politique de confidentialit\u00e9"}]},{"@type":"WebSite","@id":"https:\/\/dyslexieparis.fr\/#website","url":"https:\/\/dyslexieparis.fr\/","name":"DYSLEXIE PARIS","description":"DIFFERENTLY","publisher":{"@id":"https:\/\/dyslexieparis.fr\/#organization"},"potentialAction":[{"@type":"SearchAction","target":{"@type":"EntryPoint","urlTemplate":"https:\/\/dyslexieparis.fr\/?s={search_term_string}"},"query-input":{"@type":"PropertyValueSpecification","valueRequired":true,"valueName":"search_term_string"}}],"inLanguage":"fr-FR"},{"@type":"Organization","@id":"https:\/\/dyslexieparis.fr\/#organization","name":"Dyslexie Paris","alternateName":"Dyslexie Paris Dressing","url":"https:\/\/dyslexieparis.fr\/","logo":{"@type":"ImageObject","inLanguage":"fr-FR","@id":"https:\/\/dyslexieparis.fr\/#\/schema\/logo\/image\/","url":"https:\/\/dyslexieparis.fr\/wp-content\/uploads\/2024\/07\/IMG_2787.png","contentUrl":"https:\/\/dyslexieparis.fr\/wp-content\/uploads\/2024\/07\/IMG_2787.png","width":2048,"height":2048,"caption":"Dyslexie Paris"},"image":{"@id":"https:\/\/dyslexieparis.fr\/#\/schema\/logo\/image\/"},"sameAs":["https:\/\/www.instagram.com\/dyslexieparis\/yoast","https:\/\/www.instagram.com\/dyslexieparis\/?hl=fr"]}]}},"jetpack_sharing_enabled":true,"_links":{"self":[{"href":"https:\/\/dyslexieparis.fr\/index.php\/wp-json\/wp\/v2\/pages\/3","targetHints":{"allow":["GET"]}}],"collection":[{"href":"https:\/\/dyslexieparis.fr\/index.php\/wp-json\/wp\/v2\/pages"}],"about":[{"href":"https:\/\/dyslexieparis.fr\/index.php\/wp-json\/wp\/v2\/types\/page"}],"author":[{"embeddable":true,"href":"https:\/\/dyslexieparis.fr\/index.php\/wp-json\/wp\/v2\/users\/1"}],"replies":[{"embeddable":true,"href":"https:\/\/dyslexieparis.fr\/index.php\/wp-json\/wp\/v2\/comments?post=3"}],"version-history":[{"count":21,"href":"https:\/\/dyslexieparis.fr\/index.php\/wp-json\/wp\/v2\/pages\/3\/revisions"}],"predecessor-version":[{"id":978,"href":"https:\/\/dyslexieparis.fr\/index.php\/wp-json\/wp\/v2\/pages\/3\/revisions\/978"}],"wp:attachment":[{"href":"https:\/\/dyslexieparis.fr\/index.php\/wp-json\/wp\/v2\/media?parent=3"}],"curies":[{"name":"wp","href":"https:\/\/api.w.org\/{rel}","templated":true}]}}