{"id":97,"date":"2022-03-24T09:46:23","date_gmt":"2022-03-24T08:46:23","guid":{"rendered":"https:\/\/dyslexieparis.fr\/index.php\/customer-service\/"},"modified":"2022-11-17T14:57:11","modified_gmt":"2022-11-17T13:57:11","slug":"customer-service","status":"publish","type":"page","link":"https:\/\/dyslexieparis.fr\/index.php\/customer-service\/","title":{"rendered":"Service Clients"},"content":{"rendered":"\t\t<div data-elementor-type=\"wp-page\" data-elementor-id=\"97\" class=\"elementor elementor-97\" data-elementor-post-type=\"page\">\n\t\t\t\t\t\t<section class=\"elementor-section elementor-top-section elementor-element elementor-element-2b212583 elementor-section-height-min-height elementor-section-items-bottom elementor-section-full_width elementor-section-height-default\" data-id=\"2b212583\" data-element_type=\"section\" data-e-type=\"section\">\n\t\t\t\t\t\t<div class=\"elementor-container elementor-column-gap-default\">\n\t\t\t\t\t<div class=\"elementor-column elementor-col-100 elementor-top-column elementor-element elementor-element-2f6867ae\" data-id=\"2f6867ae\" data-element_type=\"column\" data-e-type=\"column\">\n\t\t\t<div class=\"elementor-widget-wrap elementor-element-populated\">\n\t\t\t\t\t\t<div class=\"elementor-element elementor-element-867efd1 elementor-widget elementor-widget-heading\" data-id=\"867efd1\" data-element_type=\"widget\" data-e-type=\"widget\" data-widget_type=\"heading.default\">\n\t\t\t\t<div class=\"elementor-widget-container\">\n\t\t\t\t\t<h5 class=\"elementor-heading-title elementor-size-default\">SERVICE CLIENTS<\/h5>\t\t\t\t<\/div>\n\t\t\t\t<\/div>\n\t\t\t\t<div class=\"elementor-element elementor-element-6ad4bab8 elementor-widget elementor-widget-heading\" data-id=\"6ad4bab8\" data-element_type=\"widget\" data-e-type=\"widget\" data-widget_type=\"heading.default\">\n\t\t\t\t<div class=\"elementor-widget-container\">\n\t\t\t\t\t<h3 class=\"elementor-heading-title elementor-size-default\">Comment pouvons-nous vous aider?<\/h3>\t\t\t\t<\/div>\n\t\t\t\t<\/div>\n\t\t\t\t<div class=\"elementor-element elementor-element-1b798d1d elementor-widget elementor-widget-toggle\" data-id=\"1b798d1d\" data-element_type=\"widget\" data-e-type=\"widget\" data-widget_type=\"toggle.default\">\n\t\t\t\t<div class=\"elementor-widget-container\">\n\t\t\t\t\t\t\t<div class=\"elementor-toggle\">\n\t\t\t\t\t\t\t<div class=\"elementor-toggle-item\">\n\t\t\t\t\t<div id=\"elementor-tab-title-4601\" class=\"elementor-tab-title\" data-tab=\"1\" role=\"button\" aria-controls=\"elementor-tab-content-4601\" aria-expanded=\"false\">\n\t\t\t\t\t\t\t\t\t\t\t\t<span class=\"elementor-toggle-icon elementor-toggle-icon-right\" aria-hidden=\"true\">\n\t\t\t\t\t\t\t\t\t\t\t\t\t\t\t<span class=\"elementor-toggle-icon-closed\"><\/span>\n\t\t\t\t\t\t\t\t<span class=\"elementor-toggle-icon-opened\"><\/span>\n\t\t\t\t\t\t\t\t\t\t\t\t\t<\/span>\n\t\t\t\t\t\t\t\t\t\t\t\t<a class=\"elementor-toggle-title\" tabindex=\"0\">paiements<\/a>\n\t\t\t\t\t<\/div>\n\n\t\t\t\t\t<div id=\"elementor-tab-content-4601\" class=\"elementor-tab-content elementor-clearfix\" data-tab=\"1\" role=\"region\" aria-labelledby=\"elementor-tab-title-4601\"><p>MODES DE PAIEMENT<\/p><p>DYSLEXIE PARIS accepte les modes de paiement suivants : Visa, Mastercard, American Express et Paypal. <br \/>Une demande d\u2019autorisation sera envoy\u00e9e \u00e0 votre banque. <br \/>Veuillez noter que votre adresse de facturation doit \u00eatre identique \u00e0 celle qui est mentionn\u00e9e sur votre relev\u00e9 de carte de cr\u00e9dit.<\/p><p>S\u00c9CURIT\u00c9 DES PAIEMENTS<\/p><p>Toutes les transactions effectu\u00e9es sur le site www.dyslexieparis.fr sont hautement s\u00e9curis\u00e9es.\u00a0\u00a0 <br \/>\u2028Enfin, nous renfor\u00e7ons la s\u00e9curit\u00e9 des paiements gr\u00e2ce au syst\u00e8me 3D secure pour les cartes Visa, Mastercard et American American Express qui en sont \u00e9quip\u00e9es. Une \u00e9tape suppl\u00e9mentaire a lieu au moment du paiement, permettant de v\u00e9rifier l&rsquo;identit\u00e9 du porteur de la carte et de valider la transaction.\u2028 Chaque banque a sa propre authentification. Pour toute question concernant votre code 3D Secure, nous vous invitons \u00e0 contacter directement votre banque. De plus, notre Service Clients pourrait faire des v\u00e9rifications et vous contacter avant d\u2019approuver la transaction et de confirmer la commande afin d\u2019obtenir plus de renseignements pour lutter contre la fraude et garantir votre protection.<\/p><p>TVA<\/p><p>Tous nos prix comprennent la TVA. <br \/>\u00c0 l&rsquo;heure actuelle, nous n&rsquo;avons pas la possibilit\u00e9 d\u2019offrir un service de remboursement de TVA pour vos achats qui pourraient \u00eatre \u00e9ligibles \u00e0 la d\u00e9taxe.<\/p><p>Facture<\/p><p>La facture -format PDF-de votre commande sur www.dyslexieparis.fr vous sera directement envoy\u00e9e par voie \u00e9lectronique \u00e0 l\u2019adresse e-mail. <br \/>Cette facture, que nous vous conseillons d\u2019imprimer et de conserver, sera aussi consultable en vous connectant \u00e0 votre Compte Client. Le prix sera retir\u00e9 de l\u2019\u00e9tiquette des produits que vous avez command\u00e9s et la facture ne sera pas jointe \u00e0 votre commande lors de son exp\u00e9dition. <br \/>Vous pourrez recevoir une version papier de votre facture, sur demande de votre part aupr\u00e8s de notre Service Clients. Cette demande, accompagn\u00e9e de vos justificatifs d\u2019identit\u00e9, devra lui \u00eatre adress\u00e9e dans le d\u00e9lai de 12 mois \u00e0 compter de l\u2019\u00e9mission de la facture re\u00e7ue par email.<br \/>Pour contacter notre Service Clients rendez-vous dans la rubrique \u00ab\u00a0Contact\u00a0\u00bb du Site.<\/p><\/div>\n\t\t\t\t<\/div>\n\t\t\t\t\t\t\t<div class=\"elementor-toggle-item\">\n\t\t\t\t\t<div id=\"elementor-tab-title-4602\" class=\"elementor-tab-title\" data-tab=\"2\" role=\"button\" aria-controls=\"elementor-tab-content-4602\" aria-expanded=\"false\">\n\t\t\t\t\t\t\t\t\t\t\t\t<span class=\"elementor-toggle-icon elementor-toggle-icon-right\" aria-hidden=\"true\">\n\t\t\t\t\t\t\t\t\t\t\t\t\t\t\t<span class=\"elementor-toggle-icon-closed\"><\/span>\n\t\t\t\t\t\t\t\t<span class=\"elementor-toggle-icon-opened\"><\/span>\n\t\t\t\t\t\t\t\t\t\t\t\t\t<\/span>\n\t\t\t\t\t\t\t\t\t\t\t\t<a class=\"elementor-toggle-title\" tabindex=\"0\">exp\u00e9dition<\/a>\n\t\t\t\t\t<\/div>\n\n\t\t\t\t\t<div id=\"elementor-tab-content-4602\" class=\"elementor-tab-content elementor-clearfix\" data-tab=\"2\" role=\"region\" aria-labelledby=\"elementor-tab-title-4602\"><p>LIVRAISON<\/p><p>ZONE DE LIVRAISON<\/p><p>Les articles DYSLEXIE PARIS sont livr\u00e9s en France m\u00e9tropolitaine, en Corse, en Suisse, en Belgique et \u00e0 Monaco, conform\u00e9ment \u00e0 l\u2019adresse de votre choix telle qu\u2019indiqu\u00e9e au cours du processus de commande. Les commandes adress\u00e9es en dehors de ces destinations ne seront pas trait\u00e9es. <br \/>La livraison des articles interviendra apr\u00e8s le complet r\u00e8glement des articles command\u00e9s.<\/p><p>MODE ET D\u00c9LAIS DE LIVRAISON<\/p><p>DYSLEXIE PARIS utilise pour seul transporteur UPS, pour la livraison et pour les retours.<\/p><p>La livraison se fait \u00e0 l\u2019adresse demand\u00e9e par l\u2019acheteur au moment de la validation de sa commande. Il n\u2019est plus possible de changer d\u2019adresse de livraison apr\u00e8s la validation de la commande.<br \/>DYSLEXIE PARIS s\u2019engage \u00e0 envoyer votre commande dans 2 \u00e0 5 jours ouvr\u00e9s qui suivent la validation de votre commande.<br \/>Un e-mail de confirmation vous indiquera lorsque votre commande sera envoy\u00e9 et vous communiquera un lien et\/ou num\u00e9ro de suivi de votre livraison. <br \/>La livraison se fait en main propre, remise contre signature.<\/p><p>Vous pouvez \u00e9galement suivre l\u2019avancement de votre commande dans la section \u00ab Mes commandes \u00bb de votre Compte Client en ligne sur www.dyslexieparis.fr.<\/p><p>Pour toute autre question ou demande sp\u00e9cifique, veuillez contacter notre Service Client.<\/p><p>FRAIS DE LIVRAISON<\/p><p>Nous vous offrons les frais de livraison.<\/p><\/div>\n\t\t\t\t<\/div>\n\t\t\t\t\t\t\t<div class=\"elementor-toggle-item\">\n\t\t\t\t\t<div id=\"elementor-tab-title-4603\" class=\"elementor-tab-title\" data-tab=\"3\" role=\"button\" aria-controls=\"elementor-tab-content-4603\" aria-expanded=\"false\">\n\t\t\t\t\t\t\t\t\t\t\t\t<span class=\"elementor-toggle-icon elementor-toggle-icon-right\" aria-hidden=\"true\">\n\t\t\t\t\t\t\t\t\t\t\t\t\t\t\t<span class=\"elementor-toggle-icon-closed\"><\/span>\n\t\t\t\t\t\t\t\t<span class=\"elementor-toggle-icon-opened\"><\/span>\n\t\t\t\t\t\t\t\t\t\t\t\t\t<\/span>\n\t\t\t\t\t\t\t\t\t\t\t\t<a class=\"elementor-toggle-title\" tabindex=\"0\">retour & REMBOURSEMENT<\/a>\n\t\t\t\t\t<\/div>\n\n\t\t\t\t\t<div id=\"elementor-tab-content-4603\" class=\"elementor-tab-content elementor-clearfix\" data-tab=\"3\" role=\"region\" aria-labelledby=\"elementor-tab-title-4603\"><p>RETOUR ET REMBOURSEMENT<br \/>RETOUR<\/p><p>Politique de Retours et d\u2019Echanges<\/p><p>Vous avez la possibilit\u00e9 de nous retourner gratuitement tout produit command\u00e9 dans un d\u00e9lai de 14 jours \u00e0 compter de sa date de r\u00e9ception, conform\u00e9ment \u00e0 l\u2019article L.121-21 du Code de la Consommation. <br \/>Le produit doit \u00eatre retourn\u00e9 en parfait \u00e9tat, non port\u00e9, dans son int\u00e9gralit\u00e9 (bo\u00eetes, accessoires, protections, \u00e9tiquettes, livrets, etc.) et dans son emballage d\u2019origine, accompagn\u00e9 d\u2019une copie de la facture. <br \/>Nous vous recommandons de prendre toutes les pr\u00e9cautions utiles afin de garantir sa protection. Tout produit abim\u00e9, usag\u00e9, incomplet ou sali ne pourra faire l\u2019objet d\u2019un remboursement.<\/p><p>DYSLEXIE PARIS n\u2019effectue que des \u00e9changes d\u2019articles pour le m\u00eame article d\u2019une taille diff\u00e9rente (dans la limite des stocks disponibles).<br \/>Aucun \u00e9change d\u2019article contre un autre article n\u2019est possible.<\/p><p>PROC\u00c9DURE<\/p><p>Les modalit\u00e9s et les frais de retour vous sont offerts par DYSLEXIE PARIS.<\/p><p>D\u00e8s r\u00e9ception de votre article et jusqu\u2019\u00e0 14 jours, vous avez la possibilit\u00e9 de nous envoyer votre demande de retour et\/ou d\u2019\u00e9change \u00e0 notre service client, \u00e0 l\u2019adresse contact@dyslexieparis.fr.<\/p><p>Votre demande devra contenir: <br \/>&#8211; Le motif de votre retour<br \/>&#8211; Le num\u00e9ro de votre commande<br \/>&#8211; Le ou les articles concern\u00e9s par votre demande.<\/p><p>D\u00e8s que votre demande sera prise en compte, vous recevrez un bon d\u2019exp\u00e9dition UPS \u00e0 apposer sur votre colis et \u00e0 nous retourner dans les 10 jours ouvr\u00e9s. <br \/>Pass\u00e9 ce d\u00e9lais, le bordereau de retour n\u2019est plus valable et nous n\u2019accepterons plus votre retour. Il ne sera plus possible alors pour l\u2019acheteur, de changer son article ou de se faire rembourser.<\/p><p>Un accus\u00e9 de r\u00e9ception vous sera transmis d\u00e8s r\u00e9ception du ou des article(s).<\/p><p>REMBOURSEMENTS<\/p><p>D\u00e9lais de remboursement<\/p><p>En cas de retour, le remboursement interviendra dans un d\u00e9lai indicatif de 72h ouvr\u00e9es \u00e0 compter de la r\u00e9ception du ou des article(s). Le d\u00e9lai maximum du remboursement \u00e9tant toutefois de 14 jours apr\u00e8s r\u00e9ception.<br \/>Un e-mail de confirmation vous sera envoy\u00e9. Le remboursement s\u2019effectuera alors selon le m\u00eame mode de paiement et dans la m\u00eame devise que celle utilis\u00e9e par le client au moment du r\u00e8glement de sa commande.<\/p><p>Mode de remboursement<\/p><p>Le remboursement sera effectu\u00e9 via la carte de cr\u00e9dit utilis\u00e9e pour le paiement. Pour les paiements par Paypal, le remboursement se fait via les conditions g\u00e9n\u00e9rales de Paypal.<br \/>Pour des raisons de s\u00e9curit\u00e9, nous ne sommes pas autoris\u00e9s \u00e0 effectuer le remboursement sur un autre compte ou via une carte de cr\u00e9dit diff\u00e9rente de celle utilis\u00e9e pour le paiement \u00e0 la commande.<\/p><\/div>\n\t\t\t\t<\/div>\n\t\t\t\t\t\t\t<div class=\"elementor-toggle-item\">\n\t\t\t\t\t<div id=\"elementor-tab-title-4604\" class=\"elementor-tab-title\" data-tab=\"4\" role=\"button\" aria-controls=\"elementor-tab-content-4604\" aria-expanded=\"false\">\n\t\t\t\t\t\t\t\t\t\t\t\t<span class=\"elementor-toggle-icon elementor-toggle-icon-right\" aria-hidden=\"true\">\n\t\t\t\t\t\t\t\t\t\t\t\t\t\t\t<span class=\"elementor-toggle-icon-closed\"><\/span>\n\t\t\t\t\t\t\t\t<span class=\"elementor-toggle-icon-opened\"><\/span>\n\t\t\t\t\t\t\t\t\t\t\t\t\t<\/span>\n\t\t\t\t\t\t\t\t\t\t\t\t<a class=\"elementor-toggle-title\" tabindex=\"0\">Qualit\u00e9 &amp; S\u00e9curit\u00e9<\/a>\n\t\t\t\t\t<\/div>\n\n\t\t\t\t\t<div id=\"elementor-tab-content-4604\" class=\"elementor-tab-content elementor-clearfix\" data-tab=\"4\" role=\"region\" aria-labelledby=\"elementor-tab-title-4604\"><p>QUALIT\u00c9<\/p><p>Nous s\u00e9lectionnons les tissus en priorit\u00e9 pour leurs qualit\u00e9s et leurs raret\u00e9s.<br \/>Nous produisons \u00e0 petite \u00e9chelle dans le respect des normes environnementales et le bien-\u00eatre humain.<\/p><p>S\u00c9CURIT\u00c9<\/p><p>Les articles DYSLEXIE PARIS sont vendus exclusivement sur le site internet www.dyslexieparis.fr.<br \/>Aucunes autres plateformes Internet ou magasins physiques n\u2019ont l\u2019accord de proposer \u00e0 la vente les articles DYSLEXIE PARIS.<\/p><p>\u00a0<\/p><\/div>\n\t\t\t\t<\/div>\n\t\t\t\t\t\t\t\t<\/div>\n\t\t\t\t\t\t<\/div>\n\t\t\t\t<\/div>\n\t\t\t\t\t<\/div>\n\t\t<\/div>\n\t\t\t\t\t<\/div>\n\t\t<\/section>\n\t\t\t\t<\/div>\n\t\t","protected":false},"excerpt":{"rendered":"<p>SERVICE CLIENTS Comment pouvons-nous vous aider? paiements MODES DE PAIEMENT DYSLEXIE PARIS accepte les modes de paiement suivants : Visa, Mastercard, American Express et Paypal. Une demande d\u2019autorisation sera envoy\u00e9e \u00e0 votre banque. Veuillez noter que votre adresse de facturation doit \u00eatre identique \u00e0 celle qui est mentionn\u00e9e sur votre relev\u00e9 de carte de cr\u00e9dit. [&hellip;]<\/p>\n","protected":false},"author":1,"featured_media":0,"parent":0,"menu_order":0,"comment_status":"closed","ping_status":"closed","template":"elementor_header_footer","meta":{"site-sidebar-layout":"default","site-content-layout":"","ast-site-content-layout":"default","site-content-style":"default","site-sidebar-style":"default","ast-global-header-display":"","ast-banner-title-visibility":"","ast-main-header-display":"","ast-hfb-above-header-display":"","ast-hfb-below-header-display":"","ast-hfb-mobile-header-display":"","site-post-title":"","ast-breadcrumbs-content":"","ast-featured-img":"","footer-sml-layout":"","ast-disable-related-posts":"","theme-transparent-header-meta":"","adv-header-id-meta":"","stick-header-meta":"","header-above-stick-meta":"","header-main-stick-meta":"","header-below-stick-meta":"","astra-migrate-meta-layouts":"default","ast-page-background-enabled":"default","ast-page-background-meta":{"desktop":{"background-color":"var(--ast-global-color-4)","background-image":"","background-repeat":"repeat","background-position":"center center","background-size":"auto","background-attachment":"scroll","background-type":"","background-media":"","overlay-type":"","overlay-color":"","overlay-opacity":"","overlay-gradient":""},"tablet":{"background-color":"","background-image":"","background-repeat":"repeat","background-position":"center center","background-size":"auto","background-attachment":"scroll","background-type":"","background-media":"","overlay-type":"","overlay-color":"","overlay-opacity":"","overlay-gradient":""},"mobile":{"background-color":"","background-image":"","background-repeat":"repeat","background-position":"center center","background-size":"auto","background-attachment":"scroll","background-type":"","background-media":"","overlay-type":"","overlay-color":"","overlay-opacity":"","overlay-gradient":""}},"ast-content-background-meta":{"desktop":{"background-color":"var(--ast-global-color-5)","background-image":"","background-repeat":"repeat","background-position":"center center","background-size":"auto","background-attachment":"scroll","background-type":"","background-media":"","overlay-type":"","overlay-color":"","overlay-opacity":"","overlay-gradient":""},"tablet":{"background-color":"var(--ast-global-color-5)","background-image":"","background-repeat":"repeat","background-position":"center center","background-size":"auto","background-attachment":"scroll","background-type":"","background-media":"","overlay-type":"","overlay-color":"","overlay-opacity":"","overlay-gradient":""},"mobile":{"background-color":"var(--ast-global-color-5)","background-image":"","background-repeat":"repeat","background-position":"center center","background-size":"auto","background-attachment":"scroll","background-type":"","background-media":"","overlay-type":"","overlay-color":"","overlay-opacity":"","overlay-gradient":""}},"footnotes":""},"class_list":["post-97","page","type-page","status-publish","hentry"],"yoast_head":"<!-- This site is optimized with the Yoast SEO plugin v27.3 - https:\/\/yoast.com\/product\/yoast-seo-wordpress\/ -->\n<title>Service Clients - DYSLEXIE PARIS<\/title>\n<meta name=\"robots\" content=\"index, follow, max-snippet:-1, max-image-preview:large, max-video-preview:-1\" \/>\n<link rel=\"canonical\" href=\"https:\/\/dyslexieparis.fr\/index.php\/customer-service\/\" \/>\n<meta property=\"og:locale\" content=\"fr_FR\" \/>\n<meta property=\"og:type\" content=\"article\" \/>\n<meta property=\"og:title\" content=\"Service Clients - DYSLEXIE PARIS\" \/>\n<meta property=\"og:description\" content=\"SERVICE CLIENTS Comment pouvons-nous vous aider? paiements MODES DE PAIEMENT DYSLEXIE PARIS accepte les modes de paiement suivants : Visa, Mastercard, American Express et Paypal. Une demande d\u2019autorisation sera envoy\u00e9e \u00e0 votre banque. Veuillez noter que votre adresse de facturation doit \u00eatre identique \u00e0 celle qui est mentionn\u00e9e sur votre relev\u00e9 de carte de cr\u00e9dit. [&hellip;]\" \/>\n<meta property=\"og:url\" content=\"https:\/\/dyslexieparis.fr\/index.php\/customer-service\/\" \/>\n<meta property=\"og:site_name\" content=\"DYSLEXIE PARIS\" \/>\n<meta property=\"article:publisher\" content=\"https:\/\/www.instagram.com\/dyslexieparis\/yoast\" \/>\n<meta property=\"article:modified_time\" content=\"2022-11-17T13:57:11+00:00\" \/>\n<meta property=\"og:image\" content=\"https:\/\/dyslexieparis.fr\/wp-content\/uploads\/2022\/11\/IMG_2657-scaled.jpg\" \/>\n\t<meta property=\"og:image:width\" content=\"2560\" \/>\n\t<meta property=\"og:image:height\" content=\"1440\" \/>\n\t<meta property=\"og:image:type\" content=\"image\/jpeg\" \/>\n<meta name=\"twitter:card\" content=\"summary_large_image\" \/>\n<meta name=\"twitter:label1\" content=\"Dur\u00e9e de lecture estim\u00e9e\" \/>\n\t<meta name=\"twitter:data1\" content=\"6 minutes\" \/>\n<script type=\"application\/ld+json\" class=\"yoast-schema-graph\">{\"@context\":\"https:\\\/\\\/schema.org\",\"@graph\":[{\"@type\":\"WebPage\",\"@id\":\"https:\\\/\\\/dyslexieparis.fr\\\/index.php\\\/customer-service\\\/\",\"url\":\"https:\\\/\\\/dyslexieparis.fr\\\/index.php\\\/customer-service\\\/\",\"name\":\"Service Clients - DYSLEXIE PARIS\",\"isPartOf\":{\"@id\":\"https:\\\/\\\/dyslexieparis.fr\\\/#website\"},\"datePublished\":\"2022-03-24T08:46:23+00:00\",\"dateModified\":\"2022-11-17T13:57:11+00:00\",\"breadcrumb\":{\"@id\":\"https:\\\/\\\/dyslexieparis.fr\\\/index.php\\\/customer-service\\\/#breadcrumb\"},\"inLanguage\":\"fr-FR\",\"potentialAction\":[{\"@type\":\"ReadAction\",\"target\":[\"https:\\\/\\\/dyslexieparis.fr\\\/index.php\\\/customer-service\\\/\"]}]},{\"@type\":\"BreadcrumbList\",\"@id\":\"https:\\\/\\\/dyslexieparis.fr\\\/index.php\\\/customer-service\\\/#breadcrumb\",\"itemListElement\":[{\"@type\":\"ListItem\",\"position\":1,\"name\":\"Accueil\",\"item\":\"https:\\\/\\\/dyslexieparis.fr\\\/\"},{\"@type\":\"ListItem\",\"position\":2,\"name\":\"Service Clients\"}]},{\"@type\":\"WebSite\",\"@id\":\"https:\\\/\\\/dyslexieparis.fr\\\/#website\",\"url\":\"https:\\\/\\\/dyslexieparis.fr\\\/\",\"name\":\"DYSLEXIE PARIS\",\"description\":\"DIFFERENTLY\",\"publisher\":{\"@id\":\"https:\\\/\\\/dyslexieparis.fr\\\/#organization\"},\"potentialAction\":[{\"@type\":\"SearchAction\",\"target\":{\"@type\":\"EntryPoint\",\"urlTemplate\":\"https:\\\/\\\/dyslexieparis.fr\\\/?s={search_term_string}\"},\"query-input\":{\"@type\":\"PropertyValueSpecification\",\"valueRequired\":true,\"valueName\":\"search_term_string\"}}],\"inLanguage\":\"fr-FR\"},{\"@type\":\"Organization\",\"@id\":\"https:\\\/\\\/dyslexieparis.fr\\\/#organization\",\"name\":\"Dyslexie Paris\",\"alternateName\":\"Dyslexie Paris Dressing\",\"url\":\"https:\\\/\\\/dyslexieparis.fr\\\/\",\"logo\":{\"@type\":\"ImageObject\",\"inLanguage\":\"fr-FR\",\"@id\":\"https:\\\/\\\/dyslexieparis.fr\\\/#\\\/schema\\\/logo\\\/image\\\/\",\"url\":\"https:\\\/\\\/dyslexieparis.fr\\\/wp-content\\\/uploads\\\/2024\\\/07\\\/IMG_2787.png\",\"contentUrl\":\"https:\\\/\\\/dyslexieparis.fr\\\/wp-content\\\/uploads\\\/2024\\\/07\\\/IMG_2787.png\",\"width\":2048,\"height\":2048,\"caption\":\"Dyslexie Paris\"},\"image\":{\"@id\":\"https:\\\/\\\/dyslexieparis.fr\\\/#\\\/schema\\\/logo\\\/image\\\/\"},\"sameAs\":[\"https:\\\/\\\/www.instagram.com\\\/dyslexieparis\\\/yoast\",\"https:\\\/\\\/www.instagram.com\\\/dyslexieparis\\\/?hl=fr\"]}]}<\/script>\n<!-- \/ Yoast SEO plugin. -->","yoast_head_json":{"title":"Service Clients - DYSLEXIE PARIS","robots":{"index":"index","follow":"follow","max-snippet":"max-snippet:-1","max-image-preview":"max-image-preview:large","max-video-preview":"max-video-preview:-1"},"canonical":"https:\/\/dyslexieparis.fr\/index.php\/customer-service\/","og_locale":"fr_FR","og_type":"article","og_title":"Service Clients - DYSLEXIE PARIS","og_description":"SERVICE CLIENTS Comment pouvons-nous vous aider? paiements MODES DE PAIEMENT DYSLEXIE PARIS accepte les modes de paiement suivants : Visa, Mastercard, American Express et Paypal. Une demande d\u2019autorisation sera envoy\u00e9e \u00e0 votre banque. Veuillez noter que votre adresse de facturation doit \u00eatre identique \u00e0 celle qui est mentionn\u00e9e sur votre relev\u00e9 de carte de cr\u00e9dit. [&hellip;]","og_url":"https:\/\/dyslexieparis.fr\/index.php\/customer-service\/","og_site_name":"DYSLEXIE PARIS","article_publisher":"https:\/\/www.instagram.com\/dyslexieparis\/yoast","article_modified_time":"2022-11-17T13:57:11+00:00","og_image":[{"width":2560,"height":1440,"url":"https:\/\/dyslexieparis.fr\/wp-content\/uploads\/2022\/11\/IMG_2657-scaled.jpg","type":"image\/jpeg"}],"twitter_card":"summary_large_image","twitter_misc":{"Dur\u00e9e de lecture estim\u00e9e":"6 minutes"},"schema":{"@context":"https:\/\/schema.org","@graph":[{"@type":"WebPage","@id":"https:\/\/dyslexieparis.fr\/index.php\/customer-service\/","url":"https:\/\/dyslexieparis.fr\/index.php\/customer-service\/","name":"Service Clients - DYSLEXIE PARIS","isPartOf":{"@id":"https:\/\/dyslexieparis.fr\/#website"},"datePublished":"2022-03-24T08:46:23+00:00","dateModified":"2022-11-17T13:57:11+00:00","breadcrumb":{"@id":"https:\/\/dyslexieparis.fr\/index.php\/customer-service\/#breadcrumb"},"inLanguage":"fr-FR","potentialAction":[{"@type":"ReadAction","target":["https:\/\/dyslexieparis.fr\/index.php\/customer-service\/"]}]},{"@type":"BreadcrumbList","@id":"https:\/\/dyslexieparis.fr\/index.php\/customer-service\/#breadcrumb","itemListElement":[{"@type":"ListItem","position":1,"name":"Accueil","item":"https:\/\/dyslexieparis.fr\/"},{"@type":"ListItem","position":2,"name":"Service Clients"}]},{"@type":"WebSite","@id":"https:\/\/dyslexieparis.fr\/#website","url":"https:\/\/dyslexieparis.fr\/","name":"DYSLEXIE PARIS","description":"DIFFERENTLY","publisher":{"@id":"https:\/\/dyslexieparis.fr\/#organization"},"potentialAction":[{"@type":"SearchAction","target":{"@type":"EntryPoint","urlTemplate":"https:\/\/dyslexieparis.fr\/?s={search_term_string}"},"query-input":{"@type":"PropertyValueSpecification","valueRequired":true,"valueName":"search_term_string"}}],"inLanguage":"fr-FR"},{"@type":"Organization","@id":"https:\/\/dyslexieparis.fr\/#organization","name":"Dyslexie Paris","alternateName":"Dyslexie Paris Dressing","url":"https:\/\/dyslexieparis.fr\/","logo":{"@type":"ImageObject","inLanguage":"fr-FR","@id":"https:\/\/dyslexieparis.fr\/#\/schema\/logo\/image\/","url":"https:\/\/dyslexieparis.fr\/wp-content\/uploads\/2024\/07\/IMG_2787.png","contentUrl":"https:\/\/dyslexieparis.fr\/wp-content\/uploads\/2024\/07\/IMG_2787.png","width":2048,"height":2048,"caption":"Dyslexie Paris"},"image":{"@id":"https:\/\/dyslexieparis.fr\/#\/schema\/logo\/image\/"},"sameAs":["https:\/\/www.instagram.com\/dyslexieparis\/yoast","https:\/\/www.instagram.com\/dyslexieparis\/?hl=fr"]}]}},"jetpack_sharing_enabled":true,"_links":{"self":[{"href":"https:\/\/dyslexieparis.fr\/index.php\/wp-json\/wp\/v2\/pages\/97","targetHints":{"allow":["GET"]}}],"collection":[{"href":"https:\/\/dyslexieparis.fr\/index.php\/wp-json\/wp\/v2\/pages"}],"about":[{"href":"https:\/\/dyslexieparis.fr\/index.php\/wp-json\/wp\/v2\/types\/page"}],"author":[{"embeddable":true,"href":"https:\/\/dyslexieparis.fr\/index.php\/wp-json\/wp\/v2\/users\/1"}],"replies":[{"embeddable":true,"href":"https:\/\/dyslexieparis.fr\/index.php\/wp-json\/wp\/v2\/comments?post=97"}],"version-history":[{"count":30,"href":"https:\/\/dyslexieparis.fr\/index.php\/wp-json\/wp\/v2\/pages\/97\/revisions"}],"predecessor-version":[{"id":879,"href":"https:\/\/dyslexieparis.fr\/index.php\/wp-json\/wp\/v2\/pages\/97\/revisions\/879"}],"wp:attachment":[{"href":"https:\/\/dyslexieparis.fr\/index.php\/wp-json\/wp\/v2\/media?parent=97"}],"curies":[{"name":"wp","href":"https:\/\/api.w.org\/{rel}","templated":true}]}}