{"id":265,"date":"2022-10-24T14:56:27","date_gmt":"2022-10-24T12:56:27","guid":{"rendered":"https:\/\/dyslexieparis.fr\/?p=265"},"modified":"2026-04-09T11:17:16","modified_gmt":"2026-04-09T09:17:16","slug":"pantalon-jasmin-sportswear-chic","status":"publish","type":"product","link":"https:\/\/dyslexieparis.fr\/index.php\/produit\/pantalon-jasmin-sportswear-chic\/","title":{"rendered":"Pantalon Sportswear Jasmin \u2014 Polyamide Premium | Dyslexie Paris"},"content":{"rendered":"\n<p><strong>Pantalon Sportswear Jasmin \u2014 Polyamide d&rsquo;Exception | Fabriqu\u00e9 en France<\/strong><\/p>\n\n\n\n<p>Le bas parfait pour accompagner le Sweat Oversize Jasmin. Le Pantalon Sportswear Jasmin est con\u00e7u pour ceux dont la vie se joue \u00e0 plusieurs niveaux \u2014 de l&rsquo;entra\u00eenement au business, du terrain \u00e0 la ville. Un tissu polyamide d&rsquo;exception en noir profond, orn\u00e9 de motifs en relief, pour une allure qui ne laisse personne indiff\u00e9rent.<\/p>\n\n\n\n<h2 class=\"wp-block-heading\">Caract\u00e9ristiques<\/h2>\n\n\n\n<ul class=\"wp-block-list\">\n<li>Tissu polyamide d&rsquo;exception \u2014 motifs en relief noir profond<\/li>\n<li>\u00c9pais, confortable, ne froisse pas<\/li>\n<li>Couleur : Noir<\/li>\n<li>Cordon de serrage \u00e0 la taille<\/li>\n<li>2 poches lat\u00e9rales<\/li>\n<li>\u00c9lastique \u00e0 la taille<\/li>\n<li>Mati\u00e8res : Polyamide 95% \u2014 \u00c9lasthane 5%<\/li>\n<li>Nettoyage machine 30\u00b0<\/li>\n<li><strong>Fabriqu\u00e9 en France<\/strong><\/li>\n<\/ul>\n\n\n\n<h2 class=\"wp-block-heading\">Guide des Tailles<\/h2>\n\n\n\n<p><strong>Morphologie Strong (gabarit athl\u00e9tique)<\/strong><br>1m70+ \u2192 Taille M | 1m80+ \u2192 Taille L | 1m90+ \u2192 Taille XL<\/p>\n\n\n\n<p><strong>Morphologie Fit<\/strong><br>1m70+ \u2192 Taille M | 1m80+ \u2192 Taille L | 1m90+ \u2192 Taille L &amp; XL<\/p>\n\n\n\n<p><strong>Morphologie Slim<\/strong><br>1m70+ \u2192 Taille M | 1m80+ \u2192 Taille L | 1m90+ \u2192 Taille L<\/p>\n\n\n\n<p><em>Mod\u00e8le Fit sur photo : 1m92, taille XL.<\/em><\/p>\n\n\n\n<p>\u00c0 porter en ensemble complet avec le Sweat Oversize Jasmin pour un look total Dyslexie Paris.<\/p>\n","protected":false},"excerpt":{"rendered":"<p>Pantalon sportswear en polyamide d&rsquo;exception fabriqu\u00e9 en France. Motifs en relief, coupe taill\u00e9e pour les gabarits athl\u00e9tiques. Le bas id\u00e9al de l&rsquo;ensemble Jasmin \u2014 Dyslexie Paris.<\/p>\n","protected":false},"featured_media":1358,"template":"","meta":{"site-sidebar-layout":"default","site-content-layout":"default","ast-site-content-layout":"default","site-content-style":"default","site-sidebar-style":"default","ast-global-header-display":"","ast-banner-title-visibility":"","ast-main-header-display":"","ast-hfb-above-header-display":"","ast-hfb-below-header-display":"","ast-hfb-mobile-header-display":"","site-post-title":"","ast-breadcrumbs-content":"","ast-featured-img":"","footer-sml-layout":"","ast-disable-related-posts":"","theme-transparent-header-meta":"default","adv-header-id-meta":"","stick-header-meta":"","header-above-stick-meta":"","header-main-stick-meta":"","header-below-stick-meta":"","astra-migrate-meta-layouts":"set","ast-page-background-enabled":"default","ast-page-background-meta":{"desktop":{"background-color":"var(--ast-global-color-4)","background-image":"","background-repeat":"repeat","background-position":"center center","background-size":"auto","background-attachment":"scroll","background-type":"","background-media":"","overlay-type":"","overlay-color":"","overlay-opacity":"","overlay-gradient":""},"tablet":{"background-color":"","background-image":"","background-repeat":"repeat","background-position":"center center","background-size":"auto","background-attachment":"scroll","background-type":"","background-media":"","overlay-type":"","overlay-color":"","overlay-opacity":"","overlay-gradient":""},"mobile":{"background-color":"","background-image":"","background-repeat":"repeat","background-position":"center center","background-size":"auto","background-attachment":"scroll","background-type":"","background-media":"","overlay-type":"","overlay-color":"","overlay-opacity":"","overlay-gradient":""}},"ast-content-background-meta":{"desktop":{"background-color":"var(--ast-global-color-5)","background-image":"","background-repeat":"repeat","background-position":"center center","background-size":"auto","background-attachment":"scroll","background-type":"","background-media":"","overlay-type":"","overlay-color":"","overlay-opacity":"","overlay-gradient":""},"tablet":{"background-color":"var(--ast-global-color-5)","background-image":"","background-repeat":"repeat","background-position":"center center","background-size":"auto","background-attachment":"scroll","background-type":"","background-media":"","overlay-type":"","overlay-color":"","overlay-opacity":"","overlay-gradient":""},"mobile":{"background-color":"var(--ast-global-color-5)","background-image":"","background-repeat":"repeat","background-position":"center center","background-size":"auto","background-attachment":"scroll","background-type":"","background-media":"","overlay-type":"","overlay-color":"","overlay-opacity":"","overlay-gradient":""}}},"product_brand":[],"product_cat":[50],"product_tag":[34],"class_list":{"0":"post-265","1":"product","2":"type-product","3":"status-publish","4":"has-post-thumbnail","6":"product_cat-pantalon","7":"product_tag-edition-limitee","8":"desktop-align-center","9":"tablet-align-left","10":"mobile-align-left","12":"first","13":"instock","14":"taxable","15":"shipping-taxable","16":"purchasable","17":"product-type-variable"},"yoast_head":"<!-- This site is optimized with the Yoast SEO plugin v27.3 - https:\/\/yoast.com\/product\/yoast-seo-wordpress\/ -->\n<title>Pantalon Sportswear Jasmin \u2014 Polyamide Premium | Dyslexie Paris - DYSLEXIE PARIS<\/title>\n<meta name=\"description\" content=\"Pantalon Jasmin Sportswear chic en polyamide d&#039;exception noir. Des motifs en relief. Confort sans compromis et le style intemporel. Fabriqu\u00e9 en France.\" \/>\n<meta name=\"robots\" content=\"index, follow, max-snippet:-1, max-image-preview:large, max-video-preview:-1\" \/>\n<link rel=\"canonical\" href=\"https:\/\/dyslexieparis.fr\/index.php\/produit\/pantalon-jasmin-sportswear-chic\/\" \/>\n<meta property=\"og:locale\" content=\"fr_FR\" \/>\n<meta property=\"og:type\" content=\"article\" \/>\n<meta property=\"og:title\" content=\"Pantalon Sportswear Jasmin \u2014 Polyamide Premium | Dyslexie Paris - DYSLEXIE PARIS\" \/>\n<meta property=\"og:description\" content=\"Pantalon Jasmin Sportswear chic en polyamide d&#039;exception noir. Des motifs en relief. Confort sans compromis et le style intemporel. Fabriqu\u00e9 en France.\" \/>\n<meta property=\"og:url\" content=\"https:\/\/dyslexieparis.fr\/index.php\/produit\/pantalon-jasmin-sportswear-chic\/\" \/>\n<meta property=\"og:site_name\" content=\"DYSLEXIE PARIS\" \/>\n<meta property=\"article:publisher\" content=\"https:\/\/www.instagram.com\/dyslexieparis\/yoast\" \/>\n<meta property=\"article:modified_time\" content=\"2026-04-09T09:17:16+00:00\" \/>\n<meta property=\"og:image\" content=\"https:\/\/dyslexieparis.fr\/wp-content\/uploads\/2024\/01\/Pantalon-Sportswear-Dyslexie-Paris-J4-2.jpg\" \/>\n\t<meta property=\"og:image:width\" content=\"1\" \/>\n\t<meta property=\"og:image:height\" content=\"1\" \/>\n\t<meta property=\"og:image:type\" content=\"image\/jpeg\" \/>\n<meta name=\"twitter:card\" content=\"summary_large_image\" \/>\n<meta name=\"twitter:label1\" content=\"Dur\u00e9e de lecture estim\u00e9e\" \/>\n\t<meta name=\"twitter:data1\" content=\"1 minute\" \/>\n<script type=\"application\/ld+json\" class=\"yoast-schema-graph\">{\"@context\":\"https:\\\/\\\/schema.org\",\"@graph\":[{\"@type\":\"WebPage\",\"@id\":\"https:\\\/\\\/dyslexieparis.fr\\\/index.php\\\/produit\\\/pantalon-jasmin-sportswear-chic\\\/\",\"url\":\"https:\\\/\\\/dyslexieparis.fr\\\/index.php\\\/produit\\\/pantalon-jasmin-sportswear-chic\\\/\",\"name\":\"Pantalon Sportswear Jasmin \u2014 Polyamide Premium | Dyslexie Paris - DYSLEXIE PARIS\",\"isPartOf\":{\"@id\":\"https:\\\/\\\/dyslexieparis.fr\\\/#website\"},\"primaryImageOfPage\":{\"@id\":\"https:\\\/\\\/dyslexieparis.fr\\\/index.php\\\/produit\\\/pantalon-jasmin-sportswear-chic\\\/#primaryimage\"},\"image\":{\"@id\":\"https:\\\/\\\/dyslexieparis.fr\\\/index.php\\\/produit\\\/pantalon-jasmin-sportswear-chic\\\/#primaryimage\"},\"thumbnailUrl\":\"https:\\\/\\\/dyslexieparis.fr\\\/wp-content\\\/uploads\\\/2024\\\/01\\\/Pantalon-Sportswear-Dyslexie-Paris-J4-2.jpg\",\"datePublished\":\"2022-10-24T12:56:27+00:00\",\"dateModified\":\"2026-04-09T09:17:16+00:00\",\"description\":\"Pantalon Jasmin Sportswear chic en polyamide d'exception noir. Des motifs en relief. Confort sans compromis et le style intemporel. Fabriqu\u00e9 en France.\",\"breadcrumb\":{\"@id\":\"https:\\\/\\\/dyslexieparis.fr\\\/index.php\\\/produit\\\/pantalon-jasmin-sportswear-chic\\\/#breadcrumb\"},\"inLanguage\":\"fr-FR\",\"potentialAction\":[{\"@type\":\"ReadAction\",\"target\":[\"https:\\\/\\\/dyslexieparis.fr\\\/index.php\\\/produit\\\/pantalon-jasmin-sportswear-chic\\\/\"]}]},{\"@type\":\"ImageObject\",\"inLanguage\":\"fr-FR\",\"@id\":\"https:\\\/\\\/dyslexieparis.fr\\\/index.php\\\/produit\\\/pantalon-jasmin-sportswear-chic\\\/#primaryimage\",\"url\":\"https:\\\/\\\/dyslexieparis.fr\\\/wp-content\\\/uploads\\\/2024\\\/01\\\/Pantalon-Sportswear-Dyslexie-Paris-J4-2.jpg\",\"contentUrl\":\"https:\\\/\\\/dyslexieparis.fr\\\/wp-content\\\/uploads\\\/2024\\\/01\\\/Pantalon-Sportswear-Dyslexie-Paris-J4-2.jpg\"},{\"@type\":\"BreadcrumbList\",\"@id\":\"https:\\\/\\\/dyslexieparis.fr\\\/index.php\\\/produit\\\/pantalon-jasmin-sportswear-chic\\\/#breadcrumb\",\"itemListElement\":[{\"@type\":\"ListItem\",\"position\":1,\"name\":\"Accueil\",\"item\":\"https:\\\/\\\/dyslexieparis.fr\\\/\"},{\"@type\":\"ListItem\",\"position\":2,\"name\":\"Shop\",\"item\":\"https:\\\/\\\/dyslexieparis.fr\\\/index.php\\\/shop\\\/\"},{\"@type\":\"ListItem\",\"position\":3,\"name\":\"Pantalon Sportswear Jasmin \u2014 Polyamide Premium | Dyslexie Paris\"}]},{\"@type\":\"WebSite\",\"@id\":\"https:\\\/\\\/dyslexieparis.fr\\\/#website\",\"url\":\"https:\\\/\\\/dyslexieparis.fr\\\/\",\"name\":\"DYSLEXIE PARIS\",\"description\":\"DIFFERENTLY\",\"publisher\":{\"@id\":\"https:\\\/\\\/dyslexieparis.fr\\\/#organization\"},\"potentialAction\":[{\"@type\":\"SearchAction\",\"target\":{\"@type\":\"EntryPoint\",\"urlTemplate\":\"https:\\\/\\\/dyslexieparis.fr\\\/?s={search_term_string}\"},\"query-input\":{\"@type\":\"PropertyValueSpecification\",\"valueRequired\":true,\"valueName\":\"search_term_string\"}}],\"inLanguage\":\"fr-FR\"},{\"@type\":\"Organization\",\"@id\":\"https:\\\/\\\/dyslexieparis.fr\\\/#organization\",\"name\":\"Dyslexie Paris\",\"alternateName\":\"Dyslexie Paris Dressing\",\"url\":\"https:\\\/\\\/dyslexieparis.fr\\\/\",\"logo\":{\"@type\":\"ImageObject\",\"inLanguage\":\"fr-FR\",\"@id\":\"https:\\\/\\\/dyslexieparis.fr\\\/#\\\/schema\\\/logo\\\/image\\\/\",\"url\":\"https:\\\/\\\/dyslexieparis.fr\\\/wp-content\\\/uploads\\\/2024\\\/07\\\/IMG_2787.png\",\"contentUrl\":\"https:\\\/\\\/dyslexieparis.fr\\\/wp-content\\\/uploads\\\/2024\\\/07\\\/IMG_2787.png\",\"width\":2048,\"height\":2048,\"caption\":\"Dyslexie Paris\"},\"image\":{\"@id\":\"https:\\\/\\\/dyslexieparis.fr\\\/#\\\/schema\\\/logo\\\/image\\\/\"},\"sameAs\":[\"https:\\\/\\\/www.instagram.com\\\/dyslexieparis\\\/yoast\",\"https:\\\/\\\/www.instagram.com\\\/dyslexieparis\\\/?hl=fr\"]}]}<\/script>\n<!-- \/ Yoast SEO plugin. -->","yoast_head_json":{"title":"Pantalon Sportswear Jasmin \u2014 Polyamide Premium | Dyslexie Paris - DYSLEXIE PARIS","description":"Pantalon Jasmin Sportswear chic en polyamide d'exception noir. Des motifs en relief. Confort sans compromis et le style intemporel. Fabriqu\u00e9 en France.","robots":{"index":"index","follow":"follow","max-snippet":"max-snippet:-1","max-image-preview":"max-image-preview:large","max-video-preview":"max-video-preview:-1"},"canonical":"https:\/\/dyslexieparis.fr\/index.php\/produit\/pantalon-jasmin-sportswear-chic\/","og_locale":"fr_FR","og_type":"article","og_title":"Pantalon Sportswear Jasmin \u2014 Polyamide Premium | Dyslexie Paris - DYSLEXIE PARIS","og_description":"Pantalon Jasmin Sportswear chic en polyamide d'exception noir. Des motifs en relief. Confort sans compromis et le style intemporel. Fabriqu\u00e9 en France.","og_url":"https:\/\/dyslexieparis.fr\/index.php\/produit\/pantalon-jasmin-sportswear-chic\/","og_site_name":"DYSLEXIE PARIS","article_publisher":"https:\/\/www.instagram.com\/dyslexieparis\/yoast","article_modified_time":"2026-04-09T09:17:16+00:00","og_image":[{"url":"https:\/\/dyslexieparis.fr\/wp-content\/uploads\/2024\/01\/Pantalon-Sportswear-Dyslexie-Paris-J4-2.jpg","width":1,"height":1,"type":"image\/jpeg"}],"twitter_card":"summary_large_image","twitter_misc":{"Dur\u00e9e de lecture estim\u00e9e":"1 minute"},"schema":{"@context":"https:\/\/schema.org","@graph":[{"@type":"WebPage","@id":"https:\/\/dyslexieparis.fr\/index.php\/produit\/pantalon-jasmin-sportswear-chic\/","url":"https:\/\/dyslexieparis.fr\/index.php\/produit\/pantalon-jasmin-sportswear-chic\/","name":"Pantalon Sportswear Jasmin \u2014 Polyamide Premium | Dyslexie Paris - DYSLEXIE PARIS","isPartOf":{"@id":"https:\/\/dyslexieparis.fr\/#website"},"primaryImageOfPage":{"@id":"https:\/\/dyslexieparis.fr\/index.php\/produit\/pantalon-jasmin-sportswear-chic\/#primaryimage"},"image":{"@id":"https:\/\/dyslexieparis.fr\/index.php\/produit\/pantalon-jasmin-sportswear-chic\/#primaryimage"},"thumbnailUrl":"https:\/\/dyslexieparis.fr\/wp-content\/uploads\/2024\/01\/Pantalon-Sportswear-Dyslexie-Paris-J4-2.jpg","datePublished":"2022-10-24T12:56:27+00:00","dateModified":"2026-04-09T09:17:16+00:00","description":"Pantalon Jasmin Sportswear chic en polyamide d'exception noir. Des motifs en relief. Confort sans compromis et le style intemporel. Fabriqu\u00e9 en France.","breadcrumb":{"@id":"https:\/\/dyslexieparis.fr\/index.php\/produit\/pantalon-jasmin-sportswear-chic\/#breadcrumb"},"inLanguage":"fr-FR","potentialAction":[{"@type":"ReadAction","target":["https:\/\/dyslexieparis.fr\/index.php\/produit\/pantalon-jasmin-sportswear-chic\/"]}]},{"@type":"ImageObject","inLanguage":"fr-FR","@id":"https:\/\/dyslexieparis.fr\/index.php\/produit\/pantalon-jasmin-sportswear-chic\/#primaryimage","url":"https:\/\/dyslexieparis.fr\/wp-content\/uploads\/2024\/01\/Pantalon-Sportswear-Dyslexie-Paris-J4-2.jpg","contentUrl":"https:\/\/dyslexieparis.fr\/wp-content\/uploads\/2024\/01\/Pantalon-Sportswear-Dyslexie-Paris-J4-2.jpg"},{"@type":"BreadcrumbList","@id":"https:\/\/dyslexieparis.fr\/index.php\/produit\/pantalon-jasmin-sportswear-chic\/#breadcrumb","itemListElement":[{"@type":"ListItem","position":1,"name":"Accueil","item":"https:\/\/dyslexieparis.fr\/"},{"@type":"ListItem","position":2,"name":"Shop","item":"https:\/\/dyslexieparis.fr\/index.php\/shop\/"},{"@type":"ListItem","position":3,"name":"Pantalon Sportswear Jasmin \u2014 Polyamide Premium | Dyslexie Paris"}]},{"@type":"WebSite","@id":"https:\/\/dyslexieparis.fr\/#website","url":"https:\/\/dyslexieparis.fr\/","name":"DYSLEXIE PARIS","description":"DIFFERENTLY","publisher":{"@id":"https:\/\/dyslexieparis.fr\/#organization"},"potentialAction":[{"@type":"SearchAction","target":{"@type":"EntryPoint","urlTemplate":"https:\/\/dyslexieparis.fr\/?s={search_term_string}"},"query-input":{"@type":"PropertyValueSpecification","valueRequired":true,"valueName":"search_term_string"}}],"inLanguage":"fr-FR"},{"@type":"Organization","@id":"https:\/\/dyslexieparis.fr\/#organization","name":"Dyslexie Paris","alternateName":"Dyslexie Paris Dressing","url":"https:\/\/dyslexieparis.fr\/","logo":{"@type":"ImageObject","inLanguage":"fr-FR","@id":"https:\/\/dyslexieparis.fr\/#\/schema\/logo\/image\/","url":"https:\/\/dyslexieparis.fr\/wp-content\/uploads\/2024\/07\/IMG_2787.png","contentUrl":"https:\/\/dyslexieparis.fr\/wp-content\/uploads\/2024\/07\/IMG_2787.png","width":2048,"height":2048,"caption":"Dyslexie Paris"},"image":{"@id":"https:\/\/dyslexieparis.fr\/#\/schema\/logo\/image\/"},"sameAs":["https:\/\/www.instagram.com\/dyslexieparis\/yoast","https:\/\/www.instagram.com\/dyslexieparis\/?hl=fr"]}]}},"jetpack_sharing_enabled":true,"_links":{"self":[{"href":"https:\/\/dyslexieparis.fr\/index.php\/wp-json\/wp\/v2\/product\/265","targetHints":{"allow":["GET"]}}],"collection":[{"href":"https:\/\/dyslexieparis.fr\/index.php\/wp-json\/wp\/v2\/product"}],"about":[{"href":"https:\/\/dyslexieparis.fr\/index.php\/wp-json\/wp\/v2\/types\/product"}],"version-history":[{"count":12,"href":"https:\/\/dyslexieparis.fr\/index.php\/wp-json\/wp\/v2\/product\/265\/revisions"}],"predecessor-version":[{"id":1412,"href":"https:\/\/dyslexieparis.fr\/index.php\/wp-json\/wp\/v2\/product\/265\/revisions\/1412"}],"wp:featuredmedia":[{"embeddable":true,"href":"https:\/\/dyslexieparis.fr\/index.php\/wp-json\/wp\/v2\/media\/1358"}],"wp:attachment":[{"href":"https:\/\/dyslexieparis.fr\/index.php\/wp-json\/wp\/v2\/media?parent=265"}],"wp:term":[{"taxonomy":"product_brand","embeddable":true,"href":"https:\/\/dyslexieparis.fr\/index.php\/wp-json\/wp\/v2\/product_brand?post=265"},{"taxonomy":"product_cat","embeddable":true,"href":"https:\/\/dyslexieparis.fr\/index.php\/wp-json\/wp\/v2\/product_cat?post=265"},{"taxonomy":"product_tag","embeddable":true,"href":"https:\/\/dyslexieparis.fr\/index.php\/wp-json\/wp\/v2\/product_tag?post=265"}],"curies":[{"name":"wp","href":"https:\/\/api.w.org\/{rel}","templated":true}]}}